{"id":11,"date":"2024-03-12T12:43:23","date_gmt":"2024-03-12T11:43:23","guid":{"rendered":"http:\/\/gs.artviper.de\/?page_id=11"},"modified":"2025-09-24T16:40:22","modified_gmt":"2025-09-24T14:40:22","slug":"home","status":"publish","type":"page","link":"https:\/\/gsweb.services\/en\/","title":{"rendered":"Home"},"content":{"rendered":"<div class=\"wpb-content-wrapper\"><div class=\"vc_row wpb_row vc_row-fluid\"><div class=\"wpb_column vc_column_container vc_col-sm-12\"><div class=\"vc_column-inner\"><div class=\"wpb_wrapper\">\n\t\t\t<!-- START Home REVOLUTION SLIDER 6.7.38 --><p class=\"rs-p-wp-fix\"><\/p>\n\t\t\t<rs-module-wrap id=\"rev_slider_1_1_wrapper\" data-source=\"gallery\" style=\"visibility:hidden;background:transparent;padding:0;margin:0px auto;margin-top:0;margin-bottom:0;\">\n\t\t\t\t<rs-module id=\"rev_slider_1_1\" style=\"\" data-version=\"6.7.38\">\n\t\t\t\t\t<rs-slides style=\"overflow: hidden; position: absolute;\">\n\t\t\t\t\t\t<rs-slide style=\"position: absolute;\" data-key=\"rs-1\" data-title=\"Slide\" data-anim=\"ms:1000;r:0;\" data-in=\"o:0;\" data-out=\"a:false;\">\n\t\t\t\t\t\t\t<img decoding=\"async\" src=\"\/\/gsweb.services\/wp-content\/plugins\/revslider\/sr6\/assets\/assets\/dummy.png\" alt=\"\" title=\"Vector smart object (1)\" width=\"1690\" height=\"623\" class=\"rev-slidebg tp-rs-img rs-lazyload\" data-lazyload=\"\/\/gsweb.services\/wp-content\/uploads\/2024\/03\/Vektor-Smartobjekt-1-3.png\" data-no-retina>\n<!--\n\t\t\t\t\t\t\t--><rs-layer\n\t\t\t\t\t\t\t\tid=\"slider-1-slide-1-layer-0\" \n\t\t\t\t\t\t\t\tclass=\"slider_cat_name\"\n\t\t\t\t\t\t\t\tdata-type=\"text\"\n\t\t\t\t\t\t\t\tdata-color=\"#0055ff\"\n\t\t\t\t\t\t\t\tdata-rsp_ch=\"on\"\n\t\t\t\t\t\t\t\tdata-xy=\"xo:0,0,0,30px;yo:90px,78px,57px,53px;\"\n\t\t\t\t\t\t\t\tdata-text=\"w:normal;s:20,17,12,7;l:15,13,9,6;\"\n\t\t\t\t\t\t\t\tdata-padding=\"t:10,9,7,4;r:25,22,16,10;b:10,9,7,4;l:25,22,16,10;\"\n\t\t\t\t\t\t\t\tdata-border=\"bor:20px,20px,20px,20px;\"\n\t\t\t\t\t\t\t\tdata-frame_999=\"o:0;st:w;\"\n\t\t\t\t\t\t\t\tstyle=\"z-index:5;background-color:#e6eeff;font-family:'Roboto';text-transform:uppercase;\"\n\t\t\t\t\t\t\t>welcome \n\t\t\t\t\t\t\t<\/rs-layer><!--\n\n\t\t\t\t\t\t\t--><rs-layer\n\t\t\t\t\t\t\t\tid=\"slider-1-slide-1-layer-1\" \n\t\t\t\t\t\t\t\tclass=\"slider_heading_text\"\n\t\t\t\t\t\t\t\tdata-type=\"text\"\n\t\t\t\t\t\t\t\tdata-color=\"#00194b\"\n\t\t\t\t\t\t\t\tdata-rsp_ch=\"on\"\n\t\t\t\t\t\t\t\tdata-xy=\"xo:0,0,19px,30px;yo:157px,136px,100px,99px;\"\n\t\t\t\t\t\t\t\tdata-text=\"w:normal;s:66,57,42,26;l:66,57,42,26;fw:700;\"\n\t\t\t\t\t\t\t\tdata-frame_999=\"o:0;st:w;\"\n\t\t\t\t\t\t\t\tstyle=\"z-index:6;font-family:'Roboto';\"\n\t\t\t\t\t\t\t>Your gateway to <br \/>\ndigital excellence \n\t\t\t\t\t\t\t<\/rs-layer><!--\n\n\t\t\t\t\t\t\t--><rs-layer\n\t\t\t\t\t\t\t\tid=\"slider-1-slide-1-layer-2\" \n\t\t\t\t\t\t\t\tclass=\"slider_textarea\"\n\t\t\t\t\t\t\t\tdata-type=\"text\"\n\t\t\t\t\t\t\t\tdata-color=\"#56698f\"\n\t\t\t\t\t\t\t\tdata-rsp_ch=\"on\"\n\t\t\t\t\t\t\t\tdata-xy=\"xo:0,0,19px,30px;yo:303px,262px,193px,179px;\"\n\t\t\t\t\t\t\t\tdata-text=\"w:normal;s:20,17,12,12;l:25,21,15,16;\"\n\t\t\t\t\t\t\t\tdata-dim=\"w:auto,auto,auto,306px;\"\n\t\t\t\t\t\t\t\tdata-frame_0=\"x:0,0,0,0px;y:0,0,0,0px;\"\n\t\t\t\t\t\t\t\tdata-frame_1=\"x:0,0,0,0px;y:0,0,0,0px;\"\n\t\t\t\t\t\t\t\tdata-frame_999=\"o:0;st:w;\"\n\t\t\t\t\t\t\t\tstyle=\"z-index:7;font-family:'Roboto';\"\n\t\t\t\t\t\t\t>Your partner for excellent Internet services.<br \/>\n Personal, competent and equipped with the best <br \/>\nTechnology. Take a look at our services. \n\t\t\t\t\t\t\t<\/rs-layer><!--\n\n\t\t\t\t\t\t\t--><rs-layer\n\t\t\t\t\t\t\t\tid=\"slider-1-slide-1-layer-3\" \n\t\t\t\t\t\t\t\tclass=\"slider_button rev-btn\"\n\t\t\t\t\t\t\t\tdata-type=\"button\"\n\t\t\t\t\t\t\t\tdata-rsp_ch=\"on\"\n\t\t\t\t\t\t\t\tdata-xy=\"xo:0,0,19px,30px;yo:400px,347px,268px,329px;\"\n\t\t\t\t\t\t\t\tdata-text=\"w:normal;s:18,15,11,17;l:45,39,28,49;td:underline;\"\n\t\t\t\t\t\t\t\tdata-dim=\"w:224px,194px,143px,260px;minh:0px,none,none,none;\"\n\t\t\t\t\t\t\t\tdata-vbility=\"f,f,f,f\"\n\t\t\t\t\t\t\t\tdata-padding=\"r:60,52,39,73;l:60,52,39,73;\"\n\t\t\t\t\t\t\t\tdata-border=\"bor:19px,19px,19px,19px;\"\n\t\t\t\t\t\t\t\tdata-frame_0=\"x:0,0,0,0px;y:0,0,0,0px;\"\n\t\t\t\t\t\t\t\tdata-frame_1=\"x:0,0,0,0px;y:0,0,0,0px;\"\n\t\t\t\t\t\t\t\tdata-frame_999=\"o:0;st:w;\"\n\t\t\t\t\t\t\t\tdata-frame_hover=\"bgc:#00194b;bor:19px,19px,19px,19px;td:none;bri:120%;\"\n\t\t\t\t\t\t\t\tstyle=\"z-index:8;background-color:#0055ff;font-family:'Roboto';text-transform:uppercase;\"\n\t\t\t\t\t\t\t>services \n\t\t\t\t\t\t\t<\/rs-layer><!--\n\n\t\t\t\t\t\t\t--><rs-layer\n\t\t\t\t\t\t\t\tid=\"slider-1-slide-1-layer-4\" \n\t\t\t\t\t\t\t\tdata-type=\"image\"\n\t\t\t\t\t\t\t\tdata-rsp_ch=\"on\"\n\t\t\t\t\t\t\t\tdata-xy=\"xo:891px,773px,573px,361px;yo:87px,75px,55px,34px;\"\n\t\t\t\t\t\t\t\tdata-text=\"w:normal;s:20,17,12,7;l:0,21,15,9;\"\n\t\t\t\t\t\t\t\tdata-dim=\"w:321px,278px,206px,130px;h:337px,292px,216px,136px;\"\n\t\t\t\t\t\t\t\tdata-frame_999=\"o:0;st:w;\"\n\t\t\t\t\t\t\t\tstyle=\"z-index:9;\"\n\t\t\t\t\t\t\t><img decoding=\"async\" src=\"\/\/gsweb.services\/wp-content\/plugins\/revslider\/sr6\/assets\/assets\/dummy.png\" alt=\"\" class=\"tp-rs-img rs-lazyload\" width=\"321\" height=\"337\" data-lazyload=\"\/\/gsweb.services\/wp-content\/uploads\/2024\/03\/1-Vektor-Smartobjekt.png\" data-no-retina> \n\t\t\t\t\t\t\t<\/rs-layer><!--\n-->\t\t\t\t\t<\/rs-slide>\n\t\t\t\t\t<\/rs-slides>\n\t\t\t\t<\/rs-module>\n\t\t\t\t<script>\n\t\t\t\t\tsetREVStartSize({c: 'rev_slider_1_1',rl:[1240,1024,778,480],el:[625,768,400,400],gw:[1180,1024,760,480],gh:[625,700,400,400],type:'standard',justify:'',layout:'fullwidth',mh:\"0\"});if (window.RS_MODULES!==undefined && window.RS_MODULES.modules!==undefined && window.RS_MODULES.modules[\"revslider11\"]!==undefined) {window.RS_MODULES.modules[\"revslider11\"].once = false;window.revapi1 = undefined;if (window.RS_MODULES.checkMinimal!==undefined) window.RS_MODULES.checkMinimal()}\n\t\t\t\t<\/script>\n\t\t\t<\/rs-module-wrap>\n\t\t\t<!-- END REVOLUTION SLIDER -->\n<\/div><\/div><\/div><\/div><div id=\"home\" class=\"vc_row wpb_row vc_row-fluid section_1\"><div class=\"wpb_column vc_column_container vc_col-sm-12\"><div class=\"vc_column-inner\"><div class=\"wpb_wrapper\"><div class=\"vc_row wpb_row vc_inner vc_row-fluid innersection\"><div class=\"wpb_column vc_column_container vc_col-sm-4\"><div class=\"vc_column-inner\"><div class=\"wpb_wrapper\">\n\t<div class=\"wpb_text_column wpb_content_element text_area\" >\n\t\t<div class=\"wpb_wrapper\">\n\t\t\t<p><img loading=\"lazy\" decoding=\"async\" class=\"alignnone wp-image-372 size-medium\" src=\"https:\/\/gsweb.services\/wp-content\/uploads\/2024\/04\/ic1-226x300.png\" alt=\"\" width=\"226\" height=\"300\" srcset=\"https:\/\/gsweb.services\/wp-content\/uploads\/2024\/04\/ic1-226x300.png 226w, https:\/\/gsweb.services\/wp-content\/uploads\/2024\/04\/ic1-9x12.png 9w, https:\/\/gsweb.services\/wp-content\/uploads\/2024\/04\/ic1.png 300w\" sizes=\"auto, (max-width: 226px) 100vw, 226px\" \/><\/p>\n<div><strong>Own network<\/strong><br \/>\nWe offer our customers<br \/>\nyour own network<br \/>\nfor the best connections.<\/div>\n\n\t\t<\/div>\n\t<\/div>\n<\/div><\/div><\/div><div class=\"wpb_column vc_column_container vc_col-sm-4\"><div class=\"vc_column-inner\"><div class=\"wpb_wrapper\">\n\t<div class=\"wpb_text_column wpb_content_element text_area\" >\n\t\t<div class=\"wpb_wrapper\">\n\t\t\t<p><img loading=\"lazy\" decoding=\"async\" class=\"alignnone wp-image-373 size-full\" src=\"https:\/\/gsweb.services\/wp-content\/uploads\/2024\/04\/ic2.png\" alt=\"\" width=\"162\" height=\"254\" srcset=\"https:\/\/gsweb.services\/wp-content\/uploads\/2024\/04\/ic2.png 162w, https:\/\/gsweb.services\/wp-content\/uploads\/2024\/04\/ic2-8x12.png 8w\" sizes=\"auto, (max-width: 162px) 100vw, 162px\" \/><\/p>\n<div><strong>Location Germany<\/strong><br \/>\nOur servers are located<br \/>\nin Germany for the safest<br \/>\nData handling.<\/div>\n\n\t\t<\/div>\n\t<\/div>\n<\/div><\/div><\/div><div class=\"wpb_column vc_column_container vc_col-sm-4\"><div class=\"vc_column-inner\"><div class=\"wpb_wrapper\">\n\t<div class=\"wpb_text_column wpb_content_element text_area\" >\n\t\t<div class=\"wpb_wrapper\">\n\t\t\t<p><img loading=\"lazy\" decoding=\"async\" class=\"alignnone wp-image-374 size-full\" src=\"https:\/\/gsweb.services\/wp-content\/uploads\/2024\/04\/ic3.png\" alt=\"\" width=\"301\" height=\"239\" srcset=\"https:\/\/gsweb.services\/wp-content\/uploads\/2024\/04\/ic3.png 301w, https:\/\/gsweb.services\/wp-content\/uploads\/2024\/04\/ic3-15x12.png 15w\" sizes=\"auto, (max-width: 301px) 100vw, 301px\" \/><\/p>\n<div><strong>100% GREEN ELECTRICITY<\/strong><br \/>\nWe only use<br \/>\nGreen electricity for environmentally friendly<br \/>\nInternet services.<\/div>\n\n\t\t<\/div>\n\t<\/div>\n<\/div><\/div><\/div><\/div><\/div><\/div><\/div><\/div><div id=\"home\" data-vc-full-width=\"true\" data-vc-full-width-init=\"false\" data-vc-stretch-content=\"true\" class=\"vc_row wpb_row vc_row-fluid section_2 vc_custom_1710500717365 vc_row-has-fill\"><div class=\"wpb_column vc_column_container vc_col-sm-12\"><div class=\"vc_column-inner\"><div class=\"wpb_wrapper\"><h2 style=\"text-align: left;font-family:Abril Fatface;font-weight:400;font-style:normal\" class=\"vc_custom_heading vc_do_custom_heading heading_text_1\" >We are your Internet Service Provider<\/h2><div class=\"silder_home\">\n\t\n\t\t\t\t<div class=\"content\">\n\t\t\t\t<div class=\"image\">\n\t\t\t\t\t<img decoding=\"async\" src=\"https:\/\/gsweb.services\/wp-content\/uploads\/2024\/04\/ic4.png\">\n\t\t\t\t<\/div>\n\t\t\t\t<h4 class=\"title\">\n\t\t\t\t\tServer\t\t\t\t<\/h4>\n\t\t\t\t<p>\n\t\t\t\t\t<p>Whether root server or managed server, you choose your <a href=\"https:\/\/gsweb.services\/en\/services\/server\/\">Wish server<\/a>dedicated, virtual, cloud, clustered<\/p>\n\t\t\t\t<\/p>\n\t\t\t<\/div>\n\t\t\t\t\t\t<div class=\"content\">\n\t\t\t\t<div class=\"image\">\n\t\t\t\t\t<img decoding=\"async\" src=\"https:\/\/gsweb.services\/wp-content\/uploads\/2024\/04\/ic5.png\">\n\t\t\t\t<\/div>\n\t\t\t\t<h4 class=\"title\">\n\t\t\t\t\tColocation\t\t\t\t<\/h4>\n\t\t\t\t<p>\n\t\t\t\t\t<p>Our data centers in <a href=\"https:\/\/gsweb.services\/en\/services\/colocation-fra\/\">Frankfurt<\/a> and <a href=\"https:\/\/gsweb.services\/en\/services\/colocation-nbg\/\">Nuremberg<\/a> stand for top high speed and maximum safety.<\/p>\n\t\t\t\t<\/p>\n\t\t\t<\/div>\n\t\t\t\t\t\t<div class=\"content\">\n\t\t\t\t<div class=\"image\">\n\t\t\t\t\t<img decoding=\"async\" src=\"https:\/\/gsweb.services\/wp-content\/uploads\/2024\/04\/ic6.png\">\n\t\t\t\t<\/div>\n\t\t\t\t<h4 class=\"title\">\n\t\t\t\t\tNetwork \/ Telephone\t\t\t\t<\/h4>\n\t\t\t\t<p>\n\t\t\t\t\t<p>Customized solutions for your <a href=\"https:\/\/gsweb.services\/en\/services\/network-telephone\/\">Network and telephone<\/a> - with fiber optics, of course!<\/p>\n\t\t\t\t<\/p>\n\t\t\t<\/div>\n\t\t\t\t\t\t<div class=\"content\">\n\t\t\t\t<div class=\"image\">\n\t\t\t\t\t<img decoding=\"async\" src=\"https:\/\/gsweb.services\/wp-content\/uploads\/2024\/04\/ic7.png\">\n\t\t\t\t<\/div>\n\t\t\t\t<h4 class=\"title\">\n\t\t\t\t\tHosting \/ Storage\t\t\t\t<\/h4>\n\t\t\t\t<p>\n\t\t\t\t\t<p><a href=\"https:\/\/gsweb.services\/en\/services\/hosting-storage\/\">Storage and hosting offers<\/a> for every need: secure and scalable solutions.<\/p>\n\t\t\t\t<\/p>\n\t\t\t<\/div>\n\t\t\t\t\t\t<div class=\"content\">\n\t\t\t\t<div class=\"image\">\n\t\t\t\t\t<img decoding=\"async\" src=\"https:\/\/gsweb.services\/wp-content\/uploads\/2024\/04\/ic8.png\">\n\t\t\t\t<\/div>\n\t\t\t\t<h4 class=\"title\">\n\t\t\t\t\tDevelopment\t\t\t\t<\/h4>\n\t\t\t\t<p>\n\t\t\t\t\t<p>Customized <a href=\"https:\/\/gsweb.services\/en\/services\/development\/\">Software development<\/a> for business customers. Your idea is our mission!<\/p>\n\t\t\t\t<\/p>\n\t\t\t<\/div>\n\t\t\t\t\t\t<div class=\"content\">\n\t\t\t\t<div class=\"image\">\n\t\t\t\t\t<img decoding=\"async\" src=\"https:\/\/gsweb.services\/wp-content\/uploads\/2024\/04\/ic9.png\">\n\t\t\t\t<\/div>\n\t\t\t\t<h4 class=\"title\">\n\t\t\t\t\tFor wholesalers\t\t\t\t<\/h4>\n\t\t\t\t<p>\n\t\t\t\t\t<p>Top offers and best service for <a href=\"https:\/\/gsweb.services\/en\/services\/development\/\">Reseller \/ reseller<\/a>. You can rely on us!<\/p>\n\t\t\t\t<\/p>\n\t\t\t<\/div>\n\t\t\t\n<\/div>\n\n\t<div class=\"wpb_text_column wpb_content_element\" >\n\t\t<div class=\"wpb_wrapper\">\n\t\t\t\n\n\t\t<\/div>\n\t<\/div>\n<\/div><\/div><\/div><\/div><div class=\"vc_row-full-width vc_clearfix\"><\/div><div id=\"home\" data-vc-full-width=\"true\" data-vc-full-width-init=\"false\" class=\"vc_row wpb_row vc_row-fluid section_3 vc_custom_1717497749064 vc_row-has-fill\"><div class=\"wpb_column vc_column_container vc_col-sm-12\"><div class=\"vc_column-inner\"><div class=\"wpb_wrapper\"><h2 style=\"text-align: left;font-family:Abril Fatface;font-weight:400;font-style:normal\" class=\"vc_custom_heading vc_do_custom_heading heading_text_1\" >From Roots to Cloud:<br \/>\nWe support and promote<br \/>\nYour digital growth.<\/h2><div class=\"vc_btn3-container  button_1 vc_btn3-inline vc_do_btn\" ><a style=\"background-color:#0055ff; color:#ffffff;\" class=\"vc_general vc_btn3 vc_btn3-size-md vc_btn3-shape-rounded vc_btn3-style-custom\" href=\"http:\/\/gsweb.services\/en\/about-us\/\" title=\"About us\">more about us<\/a><\/div><\/div><\/div><\/div><\/div><div class=\"vc_row-full-width vc_clearfix\"><\/div><div id=\"home\" data-vc-full-width=\"true\" data-vc-full-width-init=\"false\" class=\"vc_row wpb_row vc_row-fluid section_4 vc_custom_1710417414697 vc_row-has-fill\"><div class=\"wpb_column vc_column_container vc_col-sm-12\"><div class=\"vc_column-inner\"><div class=\"wpb_wrapper\"><div class=\"vc_row wpb_row vc_inner vc_row-fluid innersection\"><div class=\"wpb_column vc_column_container vc_col-sm-6\"><div class=\"vc_column-inner\"><div class=\"wpb_wrapper\">\n\t<div  class=\"wpb_single_image wpb_content_element vc_align_center wpb_content_element\">\n\t\t\n\t\t<figure class=\"wpb_wrapper vc_figure\">\n\t\t\t<div class=\"vc_single_image-wrapper   vc_box_border_grey\"><img loading=\"lazy\" decoding=\"async\" width=\"300\" height=\"280\" src=\"https:\/\/gsweb.services\/wp-content\/uploads\/2024\/04\/ic10-1-300x280.png\" class=\"vc_single_image-img attachment-medium\" alt=\"GS Webservices\" title=\"GS Webservices\" srcset=\"https:\/\/gsweb.services\/wp-content\/uploads\/2024\/04\/ic10-1-300x280.png 300w, https:\/\/gsweb.services\/wp-content\/uploads\/2024\/04\/ic10-1-13x12.png 13w, https:\/\/gsweb.services\/wp-content\/uploads\/2024\/04\/ic10-1-768x716.png 768w, https:\/\/gsweb.services\/wp-content\/uploads\/2024\/04\/ic10-1.png 800w\" sizes=\"auto, (max-width: 300px) 100vw, 300px\" \/><\/div>\n\t\t<\/figure>\n\t<\/div>\n<\/div><\/div><\/div><div class=\"wpb_column vc_column_container vc_col-sm-6\"><div class=\"vc_column-inner\"><div class=\"wpb_wrapper\"><h3 style=\"text-align: left;font-family:Abril Fatface;font-weight:400;font-style:normal\" class=\"vc_custom_heading vc_do_custom_heading heading_text_2\" >24\/7 monitoring<\/h3>\n\t<div class=\"wpb_text_column wpb_content_element text_area\" >\n\t\t<div class=\"wpb_wrapper\">\n\t\t\t<p>Our company - GS Webservices - offers our valued customers comprehensive 24\/7 monitoring to ensure that their Internet services are running smoothly.<\/p>\n<p><a href=\"https:\/\/gsweb.services\/en\/about-us\/\" target=\"_blank\" rel=\"noopener\">Our dedicated team<\/a> continuously monitors performance and availability to identify and resolve any problems immediately. With our monitoring service available around the clock, customers can rest assured that their online offering is supported and optimized at all times.<\/p>\n\n\t\t<\/div>\n\t<\/div>\n<div class=\"vc_btn3-container  button_2 vc_btn3-inline vc_do_btn\" ><a class=\"vc_general vc_btn3 vc_btn3-size-md vc_btn3-shape-rounded vc_btn3-style-modern vc_btn3-color-grey\" href=\"http:\/\/gsweb.services\/en\/about-us\/\" title=\"About us\">read more<\/a><\/div><\/div><\/div><\/div><\/div><div class=\"vc_row wpb_row vc_inner vc_row-fluid innersection mr\"><div class=\"wpb_column vc_column_container vc_col-sm-6\"><div class=\"vc_column-inner\"><div class=\"wpb_wrapper\"><h3 style=\"text-align: left;font-family:Abril Fatface;font-weight:400;font-style:normal\" class=\"vc_custom_heading vc_do_custom_heading heading_text_2\" >Server, Storage &amp; Hosting Solutions<\/h3>\n\t<div class=\"wpb_text_column wpb_content_element text_area\" >\n\t\t<div class=\"wpb_wrapper\">\n\t\t\t<p>In addition to our excellent Internet services, we at GS Webservices also offer extensive <strong>Server, hosting and storage solutions<\/strong> to. Our wide range of services includes customized solutions for every need, whether for websites or complex enterprise applications. With our world-class infrastructure and experienced team, customers can count on reliable and powerful hosting and storage solutions that meet their needs and support their growth.<\/p>\n<p>We also offer special offers and packages for resellers \/ wholesalers, so that you as a reseller can use our excellent infrastructure and at the same time act as the sole point of contact for your customers. Please contact us to find out what options we offer wholesalers and what technical equipment is available.<\/p>\n\n\t\t<\/div>\n\t<\/div>\n<div class=\"vc_btn3-container  button_2 vc_btn3-inline vc_do_btn\" ><a class=\"vc_general vc_btn3 vc_btn3-size-md vc_btn3-shape-rounded vc_btn3-style-modern vc_btn3-color-grey\" href=\"http:\/\/gsweb.services\/en\/services\/server\/\" title=\"Server\">read more<\/a><\/div><\/div><\/div><\/div><div class=\"wpb_column vc_column_container vc_col-sm-6\"><div class=\"vc_column-inner\"><div class=\"wpb_wrapper\">\n\t<div  class=\"wpb_single_image wpb_content_element vc_align_center wpb_content_element\">\n\t\t\n\t\t<figure class=\"wpb_wrapper vc_figure\">\n\t\t\t<div class=\"vc_single_image-wrapper   vc_box_border_grey\"><img loading=\"lazy\" decoding=\"async\" width=\"230\" height=\"300\" src=\"https:\/\/gsweb.services\/wp-content\/uploads\/2024\/04\/ic11-1-230x300.png\" class=\"vc_single_image-img attachment-medium\" alt=\"GS Webservices\" title=\"GS Webservices\" srcset=\"https:\/\/gsweb.services\/wp-content\/uploads\/2024\/04\/ic11-1-230x300.png 230w, https:\/\/gsweb.services\/wp-content\/uploads\/2024\/04\/ic11-1-9x12.png 9w, https:\/\/gsweb.services\/wp-content\/uploads\/2024\/04\/ic11-1-768x1000.png 768w, https:\/\/gsweb.services\/wp-content\/uploads\/2024\/04\/ic11-1-786x1024.png 786w, https:\/\/gsweb.services\/wp-content\/uploads\/2024\/04\/ic11-1.png 800w\" sizes=\"auto, (max-width: 230px) 100vw, 230px\" \/><\/div>\n\t\t<\/figure>\n\t<\/div>\n<\/div><\/div><\/div><\/div><\/div><\/div><\/div><\/div><div class=\"vc_row-full-width vc_clearfix\"><\/div>\n<\/div>","protected":false},"excerpt":{"rendered":"Top offers and best service for resellers. You can rely on us!","protected":false},"author":2,"featured_media":0,"parent":0,"menu_order":0,"comment_status":"closed","ping_status":"closed","template":"","meta":{"_metasync_otto_title":"GS Webservices: Web-L\u00f6sungen f\u00fcr KMU \u2013 Jetzt entdecken!","_metasync_otto_description":"GS Webservices: Web-L\u00f6sungen f\u00fcr KMU \u2013 Managed Server, Colocation in Deutschland, Hosting & individuelle Entwicklung. 24\/7 Support. Jetzt entdecken!","_metasync_otto_keywords":"managed servers, colocation, web hosting, dedicated servers, internet services, custom development, 24\/7 support, eco-friendly hosting","_metasync_otto_og_title":"GS Webservices: Ihre ma\u00dfgeschneiderte Online-L\u00f6sung","_metasync_otto_og_description":"GS Webservices: Ihre ma\u00dfgeschneiderte Online-Pr\u00e4senz.","_metasync_otto_twitter_title":"St\u00e4rken Sie Ihre Online-Pr\u00e4senz mit GS! #Internetdienste","_metasync_otto_twitter_description":"GS Webservices: Ma\u00dfgeschneiderte Internetdienstleistungen f\u00fcr Ihre Online-Pr\u00e4senz. #GSWebservices","rank_math_title":"GS Webservices: Web-L\u00f6sungen f\u00fcr KMU \u2013 Jetzt entdecken!","rank_math_description":"GS Webservices: Web-L\u00f6sungen f\u00fcr KMU \u2013 Managed Server, Colocation in Deutschland, Hosting & individuelle Entwicklung. 24\/7 Support. Jetzt entdecken!","_yoast_wpseo_title":"GS Webservices | ma\u00dfgeschneiderte Internetdienstleistungen","_yoast_wpseo_metadesc":"Ma\u00dfgeschneiderte L\u00f6sungen f\u00fcr Server, Colocations, Hosting \/ Storage, Netzwerk \/ Telefonie, Softwareentwicklung, Wholesaler -> GS Webservices","_aioseo_title":"","_aioseo_description":"","footnotes":""},"class_list":["post-11","page","type-page","status-publish","hentry"],"_links":{"self":[{"href":"https:\/\/gsweb.services\/en\/wp-json\/wp\/v2\/pages\/11","targetHints":{"allow":["GET"]}}],"collection":[{"href":"https:\/\/gsweb.services\/en\/wp-json\/wp\/v2\/pages"}],"about":[{"href":"https:\/\/gsweb.services\/en\/wp-json\/wp\/v2\/types\/page"}],"author":[{"embeddable":true,"href":"https:\/\/gsweb.services\/en\/wp-json\/wp\/v2\/users\/2"}],"replies":[{"embeddable":true,"href":"https:\/\/gsweb.services\/en\/wp-json\/wp\/v2\/comments?post=11"}],"version-history":[{"count":1,"href":"https:\/\/gsweb.services\/en\/wp-json\/wp\/v2\/pages\/11\/revisions"}],"predecessor-version":[{"id":619,"href":"https:\/\/gsweb.services\/en\/wp-json\/wp\/v2\/pages\/11\/revisions\/619"}],"wp:attachment":[{"href":"https:\/\/gsweb.services\/en\/wp-json\/wp\/v2\/media?parent=11"}],"curies":[{"name":"wp","href":"https:\/\/api.w.org\/{rel}","templated":true}]}}