{"id":15,"date":"2024-03-12T12:44:21","date_gmt":"2024-03-12T11:44:21","guid":{"rendered":"http:\/\/gs.artviper.de\/?page_id=15"},"modified":"2024-12-11T15:04:26","modified_gmt":"2024-12-11T14:04:26","slug":"about-us","status":"publish","type":"page","link":"https:\/\/gsweb.services\/en\/about-us\/","title":{"rendered":"About us"},"content":{"rendered":"<div class=\"wpb-content-wrapper\"><div class=\"vc_row wpb_row vc_row-fluid\"><div class=\"wpb_column vc_column_container vc_col-sm-12\"><div class=\"vc_column-inner\"><div class=\"wpb_wrapper\">\n\t\t\t<!-- START ueberuns REVOLUTION SLIDER 6.7.38 --><p class=\"rs-p-wp-fix\"><\/p>\n\t\t\t<rs-module-wrap id=\"rev_slider_8_1_wrapper\" data-source=\"gallery\" style=\"visibility:hidden;background:transparent;padding:0;margin:0px auto;margin-top:0;margin-bottom:0;\">\n\t\t\t\t<rs-module id=\"rev_slider_8_1\" style=\"\" data-version=\"6.7.38\">\n\t\t\t\t\t<rs-slides style=\"overflow: hidden; position: absolute;\">\n\t\t\t\t\t\t<rs-slide style=\"position: absolute;\" data-key=\"rs-8\" data-title=\"Slide\" data-anim=\"ms:1000;r:0;\" data-in=\"o:0;\" data-out=\"a:false;\">\n\t\t\t\t\t\t\t<img decoding=\"async\" src=\"\/\/gsweb.services\/wp-content\/plugins\/revslider\/sr6\/assets\/assets\/dummy.png\" alt=\"\" title=\"Vector smart object (1)\" width=\"1690\" height=\"623\" class=\"rev-slidebg tp-rs-img rs-lazyload\" data-lazyload=\"\/\/gsweb.services\/wp-content\/uploads\/2024\/03\/Vektor-Smartobjekt-1-3.png\" data-no-retina>\n<!--\n\t\t\t\t\t\t\t--><rs-layer\n\t\t\t\t\t\t\t\tid=\"slider-8-slide-8-layer-0\" \n\t\t\t\t\t\t\t\tclass=\"slider_cat_name\"\n\t\t\t\t\t\t\t\tdata-type=\"text\"\n\t\t\t\t\t\t\t\tdata-color=\"#0055ff\"\n\t\t\t\t\t\t\t\tdata-rsp_ch=\"on\"\n\t\t\t\t\t\t\t\tdata-xy=\"xo:0,0,0,30px;yo:90px,78px,57px,53px;\"\n\t\t\t\t\t\t\t\tdata-text=\"w:normal;s:20,17,12,7;l:15,13,9,6;\"\n\t\t\t\t\t\t\t\tdata-padding=\"t:10,9,7,4;r:25,22,16,10;b:10,9,7,4;l:25,22,16,10;\"\n\t\t\t\t\t\t\t\tdata-border=\"bor:20px,20px,20px,20px;\"\n\t\t\t\t\t\t\t\tdata-frame_999=\"o:0;st:w;\"\n\t\t\t\t\t\t\t\tstyle=\"z-index:5;background-color:#e6eeff;font-family:'Roboto';text-transform:uppercase;\"\n\t\t\t\t\t\t\t>About us \n\t\t\t\t\t\t\t<\/rs-layer><!--\n\n\t\t\t\t\t\t\t--><rs-layer\n\t\t\t\t\t\t\t\tid=\"slider-8-slide-8-layer-1\" \n\t\t\t\t\t\t\t\tclass=\"slider_heading_text\"\n\t\t\t\t\t\t\t\tdata-type=\"text\"\n\t\t\t\t\t\t\t\tdata-color=\"#00194b\"\n\t\t\t\t\t\t\t\tdata-rsp_ch=\"on\"\n\t\t\t\t\t\t\t\tdata-xy=\"xo:0,0,19px,30px;yo:157px,136px,129px,99px;\"\n\t\t\t\t\t\t\t\tdata-text=\"w:normal;s:66,57,42,26;l:66,57,42,26;fw:700;\"\n\t\t\t\t\t\t\t\tdata-frame_999=\"o:0;st:w;\"\n\t\t\t\t\t\t\t\tstyle=\"z-index:6;font-family:'Roboto';\"\n\t\t\t\t\t\t\t>B2B Internet <br \/>\nService Provider \n\t\t\t\t\t\t\t<\/rs-layer><!--\n\n\t\t\t\t\t\t\t--><rs-layer\n\t\t\t\t\t\t\t\tid=\"slider-8-slide-8-layer-2\" \n\t\t\t\t\t\t\t\tclass=\"slider_textarea\"\n\t\t\t\t\t\t\t\tdata-type=\"text\"\n\t\t\t\t\t\t\t\tdata-color=\"#56698f\"\n\t\t\t\t\t\t\t\tdata-rsp_ch=\"on\"\n\t\t\t\t\t\t\t\tdata-xy=\"xo:0,0,19px,30px;yo:303px,262px,283px,179px;\"\n\t\t\t\t\t\t\t\tdata-text=\"w:normal;s:20,17,12,12;l:25,21,15,16;\"\n\t\t\t\t\t\t\t\tdata-dim=\"w:470px,407px,302px,306px;\"\n\t\t\t\t\t\t\t\tdata-frame_0=\"x:0,0,0,0px;y:0,0,0,0px;\"\n\t\t\t\t\t\t\t\tdata-frame_1=\"x:0,0,0,0px;y:0,0,0,0px;\"\n\t\t\t\t\t\t\t\tdata-frame_999=\"o:0;st:w;\"\n\t\t\t\t\t\t\t\tstyle=\"z-index:7;font-family:'Roboto';\"\n\t\t\t\t\t\t\t>Your partner for excellent Internet services. Personal, competent and equipped with the best technology, we have been there for our customers since 2000. \n\t\t\t\t\t\t\t<\/rs-layer><!--\n\n\t\t\t\t\t\t\t--><rs-layer\n\t\t\t\t\t\t\t\tid=\"slider-8-slide-8-layer-5\" \n\t\t\t\t\t\t\t\tdata-type=\"image\"\n\t\t\t\t\t\t\t\tdata-rsp_ch=\"on\"\n\t\t\t\t\t\t\t\tdata-xy=\"x:r;xo:2px,1px,0,0;y:m;yo:-60px,-52px,-38px,-24px;\"\n\t\t\t\t\t\t\t\tdata-text=\"w:normal;s:20,17,12,7;l:0,21,15,9;\"\n\t\t\t\t\t\t\t\tdata-dim=\"w:281px,243px,180px,113px;h:328px,284px,210px,132px;\"\n\t\t\t\t\t\t\t\tdata-frame_999=\"o:0;st:w;\"\n\t\t\t\t\t\t\t\tstyle=\"z-index:9;\"\n\t\t\t\t\t\t\t><img decoding=\"async\" src=\"\/\/gsweb.services\/wp-content\/plugins\/revslider\/sr6\/assets\/assets\/dummy.png\" alt=\"\" class=\"tp-rs-img rs-lazyload\" width=\"281\" height=\"328\" data-lazyload=\"\/\/gsweb.services\/wp-content\/uploads\/2024\/03\/Vektor-Smartobjekt-26.png\" data-no-retina> \n\t\t\t\t\t\t\t<\/rs-layer><!--\n-->\t\t\t\t\t<\/rs-slide>\n\t\t\t\t\t<\/rs-slides>\n\t\t\t\t<\/rs-module>\n\t\t\t\t<script>\n\t\t\t\t\tsetREVStartSize({c: 'rev_slider_8_1',rl:[1240,1024,778,480],el:[625,768,500,400],gw:[1180,1024,760,480],gh:[625,700,500,400],type:'standard',justify:'',layout:'fullwidth',mh:\"0\"});if (window.RS_MODULES!==undefined && window.RS_MODULES.modules!==undefined && window.RS_MODULES.modules[\"revslider81\"]!==undefined) {window.RS_MODULES.modules[\"revslider81\"].once = false;window.revapi8 = undefined;if (window.RS_MODULES.checkMinimal!==undefined) window.RS_MODULES.checkMinimal()}\n\t\t\t\t<\/script>\n\t\t\t<\/rs-module-wrap>\n\t\t\t<!-- END REVOLUTION SLIDER -->\n<\/div><\/div><\/div><\/div><div id=\"home\" class=\"vc_row wpb_row vc_row-fluid section_1\"><div class=\"wpb_column vc_column_container vc_col-sm-12\"><div class=\"vc_column-inner\"><div class=\"wpb_wrapper\"><div class=\"vc_row wpb_row vc_inner vc_row-fluid innersection\"><div class=\"wpb_column vc_column_container vc_col-sm-4\"><div class=\"vc_column-inner\"><div class=\"wpb_wrapper\">\n\t<div class=\"wpb_text_column wpb_content_element text_area\" >\n\t\t<div class=\"wpb_wrapper\">\n\t\t\t<p><img loading=\"lazy\" decoding=\"async\" class=\"alignnone wp-image-447 size-medium\" src=\"https:\/\/gsweb.services\/wp-content\/uploads\/2024\/04\/ic43-257x300.png\" alt=\"\" width=\"257\" height=\"300\" srcset=\"https:\/\/gsweb.services\/wp-content\/uploads\/2024\/04\/ic43-257x300.png 257w, https:\/\/gsweb.services\/wp-content\/uploads\/2024\/04\/ic43-10x12.png 10w, https:\/\/gsweb.services\/wp-content\/uploads\/2024\/04\/ic43.png 342w\" sizes=\"auto, (max-width: 257px) 100vw, 257px\" \/><\/p>\n<div><strong>Owner-managed<\/strong><br \/>\nWe are owner-managed<br \/>\nand attach importance to<br \/>\npersonal customer service.<\/div>\n\n\t\t<\/div>\n\t<\/div>\n<\/div><\/div><\/div><div class=\"wpb_column vc_column_container vc_col-sm-4\"><div class=\"vc_column-inner\"><div class=\"wpb_wrapper\">\n\t<div class=\"wpb_text_column wpb_content_element text_area\" >\n\t\t<div class=\"wpb_wrapper\">\n\t\t\t<p><img loading=\"lazy\" decoding=\"async\" class=\"alignnone wp-image-448 size-medium\" src=\"https:\/\/gsweb.services\/wp-content\/uploads\/2024\/04\/ic44-273x300.png\" alt=\"\" width=\"273\" height=\"300\" srcset=\"https:\/\/gsweb.services\/wp-content\/uploads\/2024\/04\/ic44-273x300.png 273w, https:\/\/gsweb.services\/wp-content\/uploads\/2024\/04\/ic44-11x12.png 11w, https:\/\/gsweb.services\/wp-content\/uploads\/2024\/04\/ic44.png 400w\" sizes=\"auto, (max-width: 273px) 100vw, 273px\" \/><\/p>\n<div><strong>for over 24 years<\/strong><br \/>\nWe have been around for 24<br \/>\nyears successfully<br \/>\nestablished on the market.<\/div>\n\n\t\t<\/div>\n\t<\/div>\n<\/div><\/div><\/div><div class=\"wpb_column vc_column_container vc_col-sm-4\"><div class=\"vc_column-inner\"><div class=\"wpb_wrapper\">\n\t<div class=\"wpb_text_column wpb_content_element text_area\" >\n\t\t<div class=\"wpb_wrapper\">\n\t\t\t<p><img loading=\"lazy\" decoding=\"async\" class=\"alignnone wp-image-441 size-medium\" src=\"https:\/\/gsweb.services\/wp-content\/uploads\/2024\/04\/ic40-250x300.png\" alt=\"\" width=\"250\" height=\"300\" srcset=\"https:\/\/gsweb.services\/wp-content\/uploads\/2024\/04\/ic40-250x300.png 250w, https:\/\/gsweb.services\/wp-content\/uploads\/2024\/04\/ic40-10x12.png 10w, https:\/\/gsweb.services\/wp-content\/uploads\/2024\/04\/ic40.png 400w\" sizes=\"auto, (max-width: 250px) 100vw, 250px\" \/><\/p>\n<div><strong>Business customers<\/strong><br \/>\nSpecialized in the<br \/>\nRequirements from<br \/>\nBusiness customers.<\/div>\n\n\t\t<\/div>\n\t<\/div>\n<\/div><\/div><\/div><\/div><\/div><\/div><\/div><\/div><div id=\"home\" data-vc-full-width=\"true\" data-vc-full-width-init=\"false\" class=\"vc_row wpb_row vc_row-fluid section_2 ueber-uns vc_custom_1711525795323 vc_row-has-fill\"><div class=\"wpb_column vc_column_container vc_col-sm-12\"><div class=\"vc_column-inner\"><div class=\"wpb_wrapper\"><h2 style=\"text-align: left;font-family:Abril Fatface;font-weight:400;font-style:normal\" class=\"vc_custom_heading vc_do_custom_heading heading_text_1\" >Quality, trust, satisfaction<\/h2><div class=\"vc_row wpb_row vc_inner vc_row-fluid box ueber-uns vc_custom_1711524421680 vc_row-has-fill vc_row-o-equal-height vc_row-flex\"><div class=\"wpb_column vc_column_container vc_col-sm-6 vc_col-has-fill\"><div class=\"vc_column-inner vc_custom_1711524539275\"><div class=\"wpb_wrapper\">\n\t<div class=\"wpb_text_column wpb_content_element\" >\n\t\t<div class=\"wpb_wrapper\">\n\t\t\t<p>As a medium-sized company, we attach great importance to offering you high-quality services relating to servers &amp; hosting, colocation, networks, telephony and software development.<\/p>\n<p>With us, you are not a number, but a valued partner. Our aim is to offer you not only services, but also a <strong>to offer personal support at eye level.<\/strong><\/p>\n<p>In times of technical challenges, we want to ensure that you don't have to speak to an anonymous call center, but rather <strong>directly with an experienced technician who will competently take care of your request.<\/strong><\/p>\n\n\t\t<\/div>\n\t<\/div>\n<\/div><\/div><\/div><div class=\"wpb_column vc_column_container vc_col-sm-6 vc_col-has-fill\"><div class=\"vc_column-inner vc_custom_1711521395045\"><div class=\"wpb_wrapper\">\n\t<div class=\"wpb_text_column wpb_content_element\" >\n\t\t<div class=\"wpb_wrapper\">\n\t\t\t<p>The service promise of our management stands for personal responsibility and commitment. As a customer, you can contact Georg Kr\u00f6ber, owner of GS WEBSERVICES, directly at any time. He is also available at short notice to ensure that you are always satisfied.<\/p>\n<p>We value your partnership and look forward to offering you top service and the best advice.<\/p>\n<p>Best wishes from Bad Kissingen,<br \/>\nGeorg Kr\u00f6ber and the GS <em>WEBSERVICES<\/em> Team<\/p>\n\n\t\t<\/div>\n\t<\/div>\n<\/div><\/div><\/div><\/div><\/div><\/div><\/div><div class=\"wpb_column vc_column_container vc_col-sm-12\"><div class=\"vc_column-inner\"><div class=\"wpb_wrapper\"><div class=\"vc_btn3-container  button_1 vc_btn3-center vc_do_btn\" ><a class=\"vc_general vc_btn3 vc_btn3-size-md vc_btn3-shape-rounded vc_btn3-style-modern vc_btn3-color-grey\" href=\"http:\/\/gsweb.services\/en\/contact\/\" title=\"Contact us\">request<\/a><\/div><\/div><\/div><\/div><\/div><div class=\"vc_row-full-width vc_clearfix\"><\/div><div id=\"home\" data-vc-full-width=\"true\" data-vc-full-width-init=\"false\" class=\"vc_row wpb_row vc_row-fluid section_3 leistungen vc_custom_1711525062549 vc_row-has-fill\"><div class=\"wpb_column vc_column_container vc_col-sm-12\"><div class=\"vc_column-inner\"><div class=\"wpb_wrapper\"><h2 style=\"text-align: left;font-family:Abril Fatface;font-weight:400;font-style:normal\" class=\"vc_custom_heading vc_do_custom_heading heading_text_1\" >GS WEBSERVICES stands for<br \/>\npersonal service &amp;<br \/>\ninnovative solutions.<\/h2><\/div><\/div><\/div><\/div><div class=\"vc_row-full-width vc_clearfix\"><\/div><div id=\"Leistungen\" data-vc-full-width=\"true\" data-vc-full-width-init=\"false\" class=\"vc_row wpb_row vc_row-fluid last_section vc_custom_1710509134023 vc_row-has-fill\"><div class=\"wpb_column vc_column_container vc_col-sm-6\"><div class=\"vc_column-inner\"><div class=\"wpb_wrapper\">\n\t<div  class=\"wpb_single_image wpb_content_element vc_align_center wpb_content_element\">\n\t\t\n\t\t<figure class=\"wpb_wrapper vc_figure\">\n\t\t\t<div class=\"vc_single_image-wrapper   vc_box_border_grey\"><img loading=\"lazy\" decoding=\"async\" width=\"300\" height=\"300\" src=\"https:\/\/gsweb.services\/wp-content\/uploads\/2024\/04\/ic45-1-300x300.png\" class=\"vc_single_image-img attachment-medium\" alt=\"about us - GS Webservices\" title=\"about us - GS Webservices\" srcset=\"https:\/\/gsweb.services\/wp-content\/uploads\/2024\/04\/ic45-1-300x300.png 300w, https:\/\/gsweb.services\/wp-content\/uploads\/2024\/04\/ic45-1-12x12.png 12w, https:\/\/gsweb.services\/wp-content\/uploads\/2024\/04\/ic45-1-150x150.png 150w, https:\/\/gsweb.services\/wp-content\/uploads\/2024\/04\/ic45-1.png 600w\" sizes=\"auto, (max-width: 300px) 100vw, 300px\" \/><\/div>\n\t\t<\/figure>\n\t<\/div>\n<\/div><\/div><\/div><div class=\"wpb_column vc_column_container vc_col-sm-6\"><div class=\"vc_column-inner\"><div class=\"wpb_wrapper\"><h3 style=\"text-align: left;font-family:Abril Fatface;font-weight:400;font-style:normal\" class=\"vc_custom_heading vc_do_custom_heading heading_text_2\" >Valued partners<\/h3>\n\t<div class=\"wpb_text_column wpb_content_element text_area\" >\n\t\t<div class=\"wpb_wrapper\">\n\t\t\t<p>As a medium-sized company, we offer high-quality services for all aspects of <a href=\"https:\/\/gsweb.services\/en\/services\/server\/\" target=\"_blank\" rel=\"noopener\">Server<\/a> &amp; <a href=\"https:\/\/gsweb.services\/en\/services\/hosting-storage\/\" target=\"_blank\" rel=\"noopener\">Hosting<\/a>, Colocations <a href=\"https:\/\/gsweb.services\/en\/services\/colocation-fra\/\" target=\"_blank\" rel=\"noopener\">FRA<\/a> and <a href=\"https:\/\/gsweb.services\/en\/services\/colocation-nbg\/\" target=\"_blank\" rel=\"noopener\">NBG<\/a>, <a href=\"https:\/\/gsweb.services\/en\/network-telephone\/\" target=\"_blank\" rel=\"noopener\">Networks, telephony<\/a> and <a href=\"https:\/\/gsweb.services\/en\/services\/development\/\" target=\"_blank\" rel=\"noopener\">Software development<\/a>. With us, you are not a number, but a valued partner. Our aim is to offer personal support at eye level.<\/p>\n\n\t\t<\/div>\n\t<\/div>\n<div class=\"vc_tta-container\" data-vc-action=\"collapse\"><div class=\"vc_general vc_tta vc_tta-accordion vc_tta-color-white vc_tta-style-classic vc_tta-shape-rounded vc_tta-o-shape-group vc_tta-gap-5 vc_tta-controls-align-default vc_tta-o-no-fill\"><div class=\"vc_tta-panels-container\"><div class=\"vc_tta-panels\"><div class=\"vc_tta-panel vc_active\" id=\"1710506063420-7563952f-cbe6\" data-vc-content=\".vc_tta-panel-body\"><div class=\"vc_tta-panel-heading\"><h4 class=\"vc_tta-panel-title\"><a href=\"#1710506063420-7563952f-cbe6\" data-vc-accordion data-vc-container=\".vc_tta-container\"><span class=\"vc_tta-title-text\">Many years of experience<\/span><\/a><\/h4><\/div><div class=\"vc_tta-panel-body\">\n\t<div class=\"wpb_text_column wpb_content_element text_area\" >\n\t\t<div class=\"wpb_wrapper\">\n\t\t\t<p>Thanks to our many years of experience and in-depth expertise, we are your reliable partner for innovative solutions and first-class service. We use our expertise to meet your requirements in the best possible way.<\/p>\n\n\t\t<\/div>\n\t<\/div>\n<\/div><\/div><\/div><\/div><\/div><\/div><div class=\"vc_btn3-container  button_2 vc_btn3-inline vc_do_btn\" ><a class=\"vc_general vc_btn3 vc_btn3-size-md vc_btn3-shape-rounded vc_btn3-style-modern vc_btn3-color-grey\" href=\"http:\/\/gsweb.services\/en\/contact\/\" title=\"Contact us\">request now<\/a><\/div><\/div><\/div><\/div><\/div><div class=\"vc_row-full-width vc_clearfix\"><\/div>\n<\/div>","protected":false},"excerpt":{"rendered":"About us B2B Internet Service Provider Your partner for excellent Internet services. Personal, competent and equipped with the best technology, we have been there for our customers since 2000. Owner-managed We are owner-managed and attach great importance to personal customer service. for over 24 years We have been successfully established on the market for 24 years. Business customers Specialized in ... <br\/><a class=\"read-more\" href=\"https:\/\/gsweb.services\/en\/about-us\/\">Read More<\/a>","protected":false},"author":2,"featured_media":0,"parent":0,"menu_order":0,"comment_status":"closed","ping_status":"closed","template":"","meta":{"_metasync_otto_title":"","_metasync_otto_description":"","_metasync_otto_keywords":"","_metasync_otto_og_title":"","_metasync_otto_og_description":"","_metasync_otto_twitter_title":"","_metasync_otto_twitter_description":"","rank_math_title":"GS Webservices: \u00dcber uns \u2013 Ihre Internet-Experten","rank_math_description":"GS Webservices: Ihre Internet-Experten seit 2000. Ma\u00dfgeschneiderte Internetdienstleistungen f\u00fcr Gesch\u00e4ftskunden. Kontaktieren Sie uns!","_yoast_wpseo_title":"","_yoast_wpseo_metadesc":"Erfahren Sie mehr \u00fcber uns - GS Webservices ist Ihr kompetenter Partner f\u00fcr exzellente Internetdienstleistungen - seit 2000","_aioseo_title":"","_aioseo_description":"","footnotes":""},"class_list":["post-15","page","type-page","status-publish","hentry"],"_links":{"self":[{"href":"https:\/\/gsweb.services\/en\/wp-json\/wp\/v2\/pages\/15","targetHints":{"allow":["GET"]}}],"collection":[{"href":"https:\/\/gsweb.services\/en\/wp-json\/wp\/v2\/pages"}],"about":[{"href":"https:\/\/gsweb.services\/en\/wp-json\/wp\/v2\/types\/page"}],"author":[{"embeddable":true,"href":"https:\/\/gsweb.services\/en\/wp-json\/wp\/v2\/users\/2"}],"replies":[{"embeddable":true,"href":"https:\/\/gsweb.services\/en\/wp-json\/wp\/v2\/comments?post=15"}],"version-history":[{"count":1,"href":"https:\/\/gsweb.services\/en\/wp-json\/wp\/v2\/pages\/15\/revisions"}],"predecessor-version":[{"id":628,"href":"https:\/\/gsweb.services\/en\/wp-json\/wp\/v2\/pages\/15\/revisions\/628"}],"wp:attachment":[{"href":"https:\/\/gsweb.services\/en\/wp-json\/wp\/v2\/media?parent=15"}],"curies":[{"name":"wp","href":"https:\/\/api.w.org\/{rel}","templated":true}]}}