{"id":17,"date":"2024-03-12T12:45:32","date_gmt":"2024-03-12T11:45:32","guid":{"rendered":"http:\/\/gs.artviper.de\/?page_id=17"},"modified":"2024-12-11T15:04:23","modified_gmt":"2024-12-11T14:04:23","slug":"contact","status":"publish","type":"page","link":"https:\/\/gsweb.services\/en\/contact\/","title":{"rendered":"Contact us"},"content":{"rendered":"<div class=\"wpb-content-wrapper\"><div class=\"vc_row wpb_row vc_row-fluid\"><div class=\"wpb_column vc_column_container vc_col-sm-12\"><div class=\"vc_column-inner\"><div class=\"wpb_wrapper\">\n\t\t\t<!-- START kontakt REVOLUTION SLIDER 6.7.38 --><p class=\"rs-p-wp-fix\"><\/p>\n\t\t\t<rs-module-wrap id=\"rev_slider_9_1_wrapper\" data-source=\"gallery\" style=\"visibility:hidden;background:transparent;padding:0;margin:0px auto;margin-top:0;margin-bottom:0;\">\n\t\t\t\t<rs-module id=\"rev_slider_9_1\" style=\"\" data-version=\"6.7.38\">\n\t\t\t\t\t<rs-slides style=\"overflow: hidden; position: absolute;\">\n\t\t\t\t\t\t<rs-slide style=\"position: absolute;\" data-key=\"rs-9\" data-title=\"Slide\" data-anim=\"ms:1000;r:0;\" data-in=\"o:0;\" data-out=\"a:false;\">\n\t\t\t\t\t\t\t<img decoding=\"async\" src=\"\/\/gsweb.services\/wp-content\/plugins\/revslider\/sr6\/assets\/assets\/dummy.png\" alt=\"\" title=\"Vector smart object (1)\" width=\"1690\" height=\"623\" class=\"rev-slidebg tp-rs-img rs-lazyload\" data-lazyload=\"\/\/gsweb.services\/wp-content\/uploads\/2024\/03\/Vektor-Smartobjekt-1-3.png\" data-no-retina>\n<!--\n\t\t\t\t\t\t\t--><rs-layer\n\t\t\t\t\t\t\t\tid=\"slider-9-slide-9-layer-0\" \n\t\t\t\t\t\t\t\tclass=\"slider_cat_name\"\n\t\t\t\t\t\t\t\tdata-type=\"text\"\n\t\t\t\t\t\t\t\tdata-color=\"#0055ff\"\n\t\t\t\t\t\t\t\tdata-rsp_ch=\"on\"\n\t\t\t\t\t\t\t\tdata-xy=\"xo:0,0,0,30px;yo:90px,78px,57px,53px;\"\n\t\t\t\t\t\t\t\tdata-text=\"w:normal;s:20,17,12,7;l:15,13,9,6;\"\n\t\t\t\t\t\t\t\tdata-padding=\"t:10,9,7,4;r:25,22,16,10;b:10,9,7,4;l:25,22,16,10;\"\n\t\t\t\t\t\t\t\tdata-border=\"bor:20px,20px,20px,20px;\"\n\t\t\t\t\t\t\t\tdata-frame_999=\"o:0;st:w;\"\n\t\t\t\t\t\t\t\tstyle=\"z-index:5;background-color:#e6eeff;font-family:'Roboto';text-transform:uppercase;\"\n\t\t\t\t\t\t\t>contact \n\t\t\t\t\t\t\t<\/rs-layer><!--\n\n\t\t\t\t\t\t\t--><rs-layer\n\t\t\t\t\t\t\t\tid=\"slider-9-slide-9-layer-1\" \n\t\t\t\t\t\t\t\tclass=\"slider_heading_text\"\n\t\t\t\t\t\t\t\tdata-type=\"text\"\n\t\t\t\t\t\t\t\tdata-color=\"#00194b\"\n\t\t\t\t\t\t\t\tdata-rsp_ch=\"on\"\n\t\t\t\t\t\t\t\tdata-xy=\"xo:0,0,19px,30px;yo:157px,136px,129px,99px;\"\n\t\t\t\t\t\t\t\tdata-text=\"w:normal;s:66,57,42,26;l:66,57,42,26;fw:700;\"\n\t\t\t\t\t\t\t\tdata-frame_999=\"o:0;st:w;\"\n\t\t\t\t\t\t\t\tstyle=\"z-index:6;font-family:'Roboto';\"\n\t\t\t\t\t\t\t>We are pleased <br \/>\non you \n\t\t\t\t\t\t\t<\/rs-layer><!--\n\n\t\t\t\t\t\t\t--><rs-layer\n\t\t\t\t\t\t\t\tid=\"slider-9-slide-9-layer-2\" \n\t\t\t\t\t\t\t\tclass=\"slider_textarea\"\n\t\t\t\t\t\t\t\tdata-type=\"text\"\n\t\t\t\t\t\t\t\tdata-color=\"#56698f\"\n\t\t\t\t\t\t\t\tdata-rsp_ch=\"on\"\n\t\t\t\t\t\t\t\tdata-xy=\"xo:0,0,19px,30px;yo:303px,262px,283px,179px;\"\n\t\t\t\t\t\t\t\tdata-text=\"w:normal;s:20,17,12,12;l:25,21,15,16;\"\n\t\t\t\t\t\t\t\tdata-dim=\"w:470px,407px,302px,306px;\"\n\t\t\t\t\t\t\t\tdata-frame_0=\"x:0,0,0,0px;y:0,0,0,0px;\"\n\t\t\t\t\t\t\t\tdata-frame_1=\"x:0,0,0,0px;y:0,0,0,0px;\"\n\t\t\t\t\t\t\t\tdata-frame_999=\"o:0;st:w;\"\n\t\t\t\t\t\t\t\tstyle=\"z-index:7;font-family:'Roboto';\"\n\t\t\t\t\t\t\t>Our regular support hours are from 9 am to 5 pm. <br \/>\n<br \/>\nIn emergencies you can reach us at: support@gs-wd.de<br \/>\n<br \/>\nGS WEBSERVICES<br \/>\nRodenbergweg 2<br \/>\n97688 Bad Kissingen \n\t\t\t\t\t\t\t<\/rs-layer><!--\n\n\t\t\t\t\t\t\t--><rs-layer\n\t\t\t\t\t\t\t\tid=\"slider-9-slide-9-layer-5\" \n\t\t\t\t\t\t\t\tdata-type=\"image\"\n\t\t\t\t\t\t\t\tdata-rsp_ch=\"on\"\n\t\t\t\t\t\t\t\tdata-xy=\"x:r;xo:2px,1px,0,0;y:m;yo:-60px,-52px,-38px,-24px;\"\n\t\t\t\t\t\t\t\tdata-text=\"w:normal;s:20,17,12,7;l:0,21,15,9;\"\n\t\t\t\t\t\t\t\tdata-dim=\"w:257px,223px,165px,104px;h:380px,329px,244px,154px;\"\n\t\t\t\t\t\t\t\tdata-frame_999=\"o:0;st:w;\"\n\t\t\t\t\t\t\t\tstyle=\"z-index:9;\"\n\t\t\t\t\t\t\t><img decoding=\"async\" src=\"\/\/gsweb.services\/wp-content\/plugins\/revslider\/sr6\/assets\/assets\/dummy.png\" alt=\"\" class=\"tp-rs-img rs-lazyload\" width=\"257\" height=\"380\" data-lazyload=\"\/\/gsweb.services\/wp-content\/uploads\/2024\/03\/Vektor-Smartobjekt-Kopie.png\" data-no-retina> \n\t\t\t\t\t\t\t<\/rs-layer><!--\n-->\t\t\t\t\t<\/rs-slide>\n\t\t\t\t\t<\/rs-slides>\n\t\t\t\t<\/rs-module>\n\t\t\t\t<script>\n\t\t\t\t\tsetREVStartSize({c: 'rev_slider_9_1',rl:[1240,1024,778,480],el:[625,768,500,400],gw:[1180,1024,760,480],gh:[625,700,500,400],type:'standard',justify:'',layout:'fullwidth',mh:\"0\"});if (window.RS_MODULES!==undefined && window.RS_MODULES.modules!==undefined && window.RS_MODULES.modules[\"revslider91\"]!==undefined) {window.RS_MODULES.modules[\"revslider91\"].once = false;window.revapi9 = undefined;if (window.RS_MODULES.checkMinimal!==undefined) window.RS_MODULES.checkMinimal()}\n\t\t\t\t<\/script>\n\t\t\t<\/rs-module-wrap>\n\t\t\t<!-- END REVOLUTION SLIDER -->\n<\/div><\/div><\/div><\/div><div id=\"home\" class=\"vc_row wpb_row vc_row-fluid section_1\"><div class=\"wpb_column vc_column_container vc_col-sm-12\"><div class=\"vc_column-inner\"><div class=\"wpb_wrapper\"><div class=\"vc_row wpb_row vc_inner vc_row-fluid innersection\"><div class=\"wpb_column vc_column_container vc_col-sm-4\"><div class=\"vc_column-inner\"><div class=\"wpb_wrapper\">\n\t<div class=\"wpb_text_column wpb_content_element text_area\" >\n\t\t<div class=\"wpb_wrapper\">\n\t\t\t<p><img loading=\"lazy\" decoding=\"async\" class=\"alignnone wp-image-454 size-medium\" src=\"https:\/\/gsweb.services\/wp-content\/uploads\/2024\/04\/ic46-300x287.png\" alt=\"\" width=\"300\" height=\"287\" srcset=\"https:\/\/gsweb.services\/wp-content\/uploads\/2024\/04\/ic46-300x287.png 300w, https:\/\/gsweb.services\/wp-content\/uploads\/2024\/04\/ic46-13x12.png 13w, https:\/\/gsweb.services\/wp-content\/uploads\/2024\/04\/ic46.png 400w\" sizes=\"auto, (max-width: 300px) 100vw, 300px\" \/><\/p>\n<div><strong>Ticket<\/strong><br \/>\nGet in touch with us<br \/>\nvia the ticket system<br \/>\nin the <span style=\"text-decoration: underline;\">Customer login<\/span><\/div>\n\n\t\t<\/div>\n\t<\/div>\n<\/div><\/div><\/div><div class=\"wpb_column vc_column_container vc_col-sm-4\"><div class=\"vc_column-inner\"><div class=\"wpb_wrapper\">\n\t<div class=\"wpb_text_column wpb_content_element text_area\" >\n\t\t<div class=\"wpb_wrapper\">\n\t\t\t<p><img loading=\"lazy\" decoding=\"async\" class=\"alignnone wp-image-455 size-medium\" src=\"https:\/\/gsweb.services\/wp-content\/uploads\/2024\/04\/ic47-300x158.png\" alt=\"\" width=\"300\" height=\"158\" srcset=\"https:\/\/gsweb.services\/wp-content\/uploads\/2024\/04\/ic47-300x158.png 300w, https:\/\/gsweb.services\/wp-content\/uploads\/2024\/04\/ic47-18x9.png 18w, https:\/\/gsweb.services\/wp-content\/uploads\/2024\/04\/ic47.png 400w\" sizes=\"auto, (max-width: 300px) 100vw, 300px\" \/><\/p>\n<div><strong>e-mail<\/strong><br \/>\nSend us an e-mail<br \/>\non <a href=\"mailto:support@gs-wd.de\">support@gs-wd.de<\/a><\/div>\n<div><\/div>\n<div><\/div>\n\n\t\t<\/div>\n\t<\/div>\n<\/div><\/div><\/div><div class=\"wpb_column vc_column_container vc_col-sm-4\"><div class=\"vc_column-inner\"><div class=\"wpb_wrapper\">\n\t<div class=\"wpb_text_column wpb_content_element text_area\" >\n\t\t<div class=\"wpb_wrapper\">\n\t\t\t<p><img loading=\"lazy\" decoding=\"async\" class=\"alignnone wp-image-456 size-medium\" src=\"https:\/\/gsweb.services\/wp-content\/uploads\/2024\/04\/ic48-300x287.png\" alt=\"\" width=\"300\" height=\"287\" srcset=\"https:\/\/gsweb.services\/wp-content\/uploads\/2024\/04\/ic48-300x287.png 300w, https:\/\/gsweb.services\/wp-content\/uploads\/2024\/04\/ic48-13x12.png 13w, https:\/\/gsweb.services\/wp-content\/uploads\/2024\/04\/ic48.png 400w\" sizes=\"auto, (max-width: 300px) 100vw, 300px\" \/><\/p>\n<div><strong>Telephone<\/strong><br \/>\nFrom 9 am to 5 pm you can reach<br \/>\nYou <a href=\"https:\/\/gsweb.services\/en\/about-us\/\" target=\"_blank\" rel=\"noopener\">us<\/a> by telephone at<br \/>\n<a href=\"tel:0971 718990-0\">0971 718990-0<\/a><\/div>\n<div><\/div>\n<div><\/div>\n\n\t\t<\/div>\n\t<\/div>\n<\/div><\/div><\/div><\/div><\/div><\/div><\/div><\/div><div id=\"home\" data-vc-full-width=\"true\" data-vc-full-width-init=\"false\" class=\"vc_row wpb_row vc_row-fluid section_2 Kontakt vc_custom_1711534278691 vc_row-has-fill\"><div class=\"wpb_column vc_column_container vc_col-sm-12\"><div class=\"vc_column-inner\"><div class=\"wpb_wrapper\"><h2 style=\"text-align: left;font-family:Abril Fatface;font-weight:400;font-style:normal\" class=\"vc_custom_heading vc_do_custom_heading heading_text_1\" >Write us a message<\/h2><div class=\"vc_row wpb_row vc_inner vc_row-fluid box vc_column-gap-20 vc_row-o-equal-height vc_row-flex\"><div class=\"wpb_column vc_column_container vc_col-sm-12 vc_col-has-fill\"><div class=\"vc_column-inner vc_custom_1711185955816\"><div class=\"wpb_wrapper\">\n\t<div class=\"wpb_text_column wpb_content_element\" >\n\t\t<div class=\"wpb_wrapper\">\n\t\t\t<div class=\"forminator-ui forminator-custom-form forminator-custom-form-316 forminator-design--flat forminator-enclosed forminator_ajax\" data-forminator-render=\"0\" data-form=\"forminator-module-316\" data-uid=\"69e629619f95f\"><br\/><\/div><form\n\t\t\t\tid=\"forminator-module-316\"\n\t\t\t\tclass=\"forminator-ui forminator-custom-form forminator-custom-form-316 forminator-design--flat forminator-enclosed forminator_ajax\"\n\t\t\t\tmethod=\"post\"\n\t\t\t\tdata-forminator-render=\"0\"\n\t\t\t\tdata-form-id=\"316\"\n\t\t\t\t data-color-option=\"default\" data-design=\"flat\" data-grid=\"enclosed\" style=\"display: none;\"\n\t\t\t\tdata-uid=\"69e629619f95f\" action=\"\"\n\t\t\t><div role=\"alert\" aria-live=\"polite\" class=\"forminator-response-message forminator-error\" aria-hidden=\"true\"><\/div><div class=\"forminator-row\"><div id=\"group-1\" class=\"forminator-field-group forminator-col forminator-col-6\"><div class=\"forminator-all-group-copies\"><div class=\"forminator-grouped-fields\" data-options=\"{&quot;is_repeater&quot;:false,&quot;min_type&quot;:&quot;custom&quot;,&quot;max_type&quot;:&quot;custom&quot;,&quot;min&quot;:1,&quot;max&quot;:9223372036854775807,&quot;add_text&quot;:&quot;Add item&quot;,&quot;remove_text&quot;:&quot;Remove item&quot;,&quot;action_element_type&quot;:&quot;button&quot;}\"><div class=\"forminator-row\"><div id=\"name-1\" class=\"forminator-field-name forminator-col forminator-col-12  form_input\"><div class=\"forminator-field\"><input type=\"text\" name=\"name-1\" value=\"\" placeholder=\"Name\" id=\"forminator-field-name-1_69e629619f95f\" class=\"forminator-input forminator-name--field\" aria-required=\"false\" autocomplete=\"name\" \/><\/div><\/div><\/div><div class=\"forminator-row\"><div id=\"email-1\" class=\"forminator-field-email forminator-col forminator-col-12  form_input\"><div class=\"forminator-field\"><input type=\"email\" name=\"email-1\" value=\"\" placeholder=\"e-mail\" id=\"forminator-field-email-1_69e629619f95f\" class=\"forminator-input forminator-email--field\" data-required=\"\" aria-required=\"false\" autocomplete=\"email\" \/><\/div><\/div><\/div><\/div><\/div><\/div><div id=\"group-2\" class=\"forminator-field-group forminator-col forminator-col-6\"><div class=\"forminator-all-group-copies\"><div class=\"forminator-grouped-fields\" data-options=\"{&quot;is_repeater&quot;:false,&quot;min_type&quot;:&quot;custom&quot;,&quot;max_type&quot;:&quot;custom&quot;,&quot;min&quot;:1,&quot;max&quot;:9223372036854775807,&quot;add_text&quot;:&quot;Add item&quot;,&quot;remove_text&quot;:&quot;Remove item&quot;,&quot;action_element_type&quot;:&quot;button&quot;}\"><div class=\"forminator-row\"><div id=\"textarea-1\" class=\"forminator-field-textarea forminator-col forminator-col-12  form_input\"><div class=\"forminator-field\"><textarea name=\"textarea-1\" placeholder=\"Your message\" id=\"forminator-field-textarea-1_69e629619f95f\" class=\"forminator-textarea\" rows=\"6\" style=\"min-height:140px;\" ><\/textarea><\/div><\/div><\/div><div class=\"forminator-row\"><div id=\"consent-1\" class=\"forminator-field-consent forminator-col forminator-col-12\"><div class=\"forminator-field\"><div class=\"forminator-checkbox__wrapper\"><label id=\"forminator-field-consent-1_69e629619f95f__label\" class=\"forminator-checkbox forminator-consent\" aria-labelledby=\"forminator-field-consent-1_69e629619f95f-label\" aria-hidden=\"true\"><input type=\"checkbox\" name=\"consent-1\" id=\"forminator-field-consent-1_69e629619f95f\" value=\"checked\" aria-labelledby=\"forminator-field-consent-1_69e629619f95f-label\" aria-describedby=\"forminator-field-consent-1_69e629619f95f__description\" data-required=\"true\" aria-required=\"true\" \/><span class=\"forminator-checkbox-box\" aria-hidden=\"true\"><\/span><\/label><div id=\"forminator-field-consent-1_69e629619f95f__description\" class=\"forminator-checkbox__label forminator-consent__label\"><p>I hereby agree that GS WEBSERVICES may contact me by telephone and e-mail in order to provide me with consulting services and information - based on my request from this contact form. By clicking on the \"Enquiries\" button, I expressly and voluntarily consent to this and accept that my contact details will be stored in accordance with the data protection regulations. <a rel=\"noopener\" target=\"_blank\" href=\"https:\/\/gsweb.services\/en\/data-protection\/\">Data protection regulations<\/a> will be used and processed. You can revoke your consent at any time with effect for the future (by e-mail to: info@gs-wd.de).<\/p><\/div><\/div><\/div><\/div><\/div><\/div><\/div><\/div><\/div><input type=\"hidden\" name=\"referer_url\" value=\"\" \/><div class=\"forminator-row forminator-row-last\"><div class=\"forminator-col\"><div class=\"forminator-field\"><button class=\"forminator-button forminator-button-submit\">request<\/button><\/div><\/div><\/div><input type=\"hidden\" id=\"forminator_nonce\" name=\"forminator_nonce\" value=\"0edc0b92dd\" \/><input type=\"hidden\" name=\"_wp_http_referer\" value=\"\/en\/wp-json\/wp\/v2\/pages\/17\" \/><input type=\"hidden\" name=\"form_id\" value=\"316\"><input type=\"hidden\" name=\"page_id\" value=\"17\"><input type=\"hidden\" name=\"form_type\" value=\"default\"><input type=\"hidden\" name=\"current_url\" value=\"https:\/\/gsweb.services\/en\/contact\/\"><input type=\"hidden\" name=\"render_id\" value=\"0\"><input type=\"hidden\" name=\"action\" value=\"forminator_submit_form_custom-forms\"><label for=\"input_7\" class=\"forminator-hidden\" aria-hidden=\"true\">Please do not fill in this field. <input id=\"input_7\" type=\"text\" name=\"input_7\" value=\"\" autocomplete=\"off\"><\/label><input type=\"hidden\" name=\"trp-form-language\" value=\"en\"\/><\/form>\n\n\t\t<\/div>\n\t<\/div>\n<\/div><\/div><\/div><\/div><\/div><\/div><\/div><\/div><div class=\"vc_row-full-width vc_clearfix\"><\/div><div id=\"home\" data-vc-full-width=\"true\" data-vc-full-width-init=\"false\" class=\"vc_row wpb_row vc_row-fluid section_3 leistungen vc_custom_1711534246312 vc_row-has-fill\"><div class=\"wpb_column vc_column_container vc_col-sm-12\"><div class=\"vc_column-inner\"><div class=\"wpb_wrapper\"><h2 style=\"text-align: left;font-family:Abril Fatface;font-weight:400;font-style:normal\" class=\"vc_custom_heading vc_do_custom_heading heading_text_1\" >GS WEBSERVICES Your contact<br \/>\nfor personal service &amp;<br \/>\ninnovative solutions.<\/h2><\/div><\/div><\/div><\/div><div class=\"vc_row-full-width vc_clearfix\"><\/div>\n<\/div>","protected":false},"excerpt":{"rendered":"contact We look forward to hearing from you Our regular support hours are from 9 am to 5 pm. In emergencies you can reach us at: support@gs-wd.de GS WEBSERVICES Rodenbergweg 2 97688 Bad Kissingen Ticket Contact us via the ticket system in the customer login E-mail Send us an e-mail to support@gs-wd.de Phone From 9 a.m. to 5 p.m. you can reach us ... <br\/><a class=\"read-more\" href=\"https:\/\/gsweb.services\/en\/contact\/\">Read More<\/a>","protected":false},"author":2,"featured_media":0,"parent":0,"menu_order":0,"comment_status":"closed","ping_status":"closed","template":"","meta":{"_metasync_otto_title":"","_metasync_otto_description":"","_metasync_otto_keywords":"","_metasync_otto_og_title":"","_metasync_otto_og_description":"","_metasync_otto_twitter_title":"","_metasync_otto_twitter_description":"","rank_math_title":"GS Webservices: Kontakt & Support f\u00fcr Digitales Wachstum","rank_math_description":"GS Webservices: Kontaktieren Sie uns f\u00fcr digitales Wachstum! Wir bieten Support per Telefon, E-Mail und Ticketsystem.","_yoast_wpseo_title":"","_yoast_wpseo_metadesc":"Wir unterst\u00fctzen und f\u00f6rdern Ihr digitales Wachstum. Nehmen Sie gerne per Telefon, E-Mail oder \u00fcber unser Ticketsystem Kontakt zu uns auf.","_aioseo_title":"","_aioseo_description":"","footnotes":""},"class_list":["post-17","page","type-page","status-publish","hentry"],"_links":{"self":[{"href":"https:\/\/gsweb.services\/en\/wp-json\/wp\/v2\/pages\/17","targetHints":{"allow":["GET"]}}],"collection":[{"href":"https:\/\/gsweb.services\/en\/wp-json\/wp\/v2\/pages"}],"about":[{"href":"https:\/\/gsweb.services\/en\/wp-json\/wp\/v2\/types\/page"}],"author":[{"embeddable":true,"href":"https:\/\/gsweb.services\/en\/wp-json\/wp\/v2\/users\/2"}],"replies":[{"embeddable":true,"href":"https:\/\/gsweb.services\/en\/wp-json\/wp\/v2\/comments?post=17"}],"version-history":[{"count":1,"href":"https:\/\/gsweb.services\/en\/wp-json\/wp\/v2\/pages\/17\/revisions"}],"predecessor-version":[{"id":621,"href":"https:\/\/gsweb.services\/en\/wp-json\/wp\/v2\/pages\/17\/revisions\/621"}],"wp:attachment":[{"href":"https:\/\/gsweb.services\/en\/wp-json\/wp\/v2\/media?parent=17"}],"curies":[{"name":"wp","href":"https:\/\/api.w.org\/{rel}","templated":true}]}}