{"id":94,"date":"2024-03-15T13:02:42","date_gmt":"2024-03-15T12:02:42","guid":{"rendered":"https:\/\/gs.artviper.de\/?page_id=94"},"modified":"2024-12-11T15:04:24","modified_gmt":"2024-12-11T14:04:24","slug":"hosting-storage","status":"publish","type":"page","link":"https:\/\/gsweb.services\/en\/services\/hosting-storage\/","title":{"rendered":"Hosting \/ Storage"},"content":{"rendered":"<div class=\"wpb-content-wrapper\"><div class=\"vc_row wpb_row vc_row-fluid\"><div class=\"wpb_column vc_column_container vc_col-sm-12\"><div class=\"vc_column-inner\"><div class=\"wpb_wrapper\">\n\t\t\t<!-- START hostingstorage REVOLUTION SLIDER 6.7.38 --><p class=\"rs-p-wp-fix\"><\/p>\n\t\t\t<rs-module-wrap id=\"rev_slider_3_1_wrapper\" data-source=\"gallery\" style=\"visibility:hidden;background:transparent;padding:0;margin:0px auto;margin-top:0;margin-bottom:0;\">\n\t\t\t\t<rs-module id=\"rev_slider_3_1\" style=\"\" data-version=\"6.7.38\">\n\t\t\t\t\t<rs-slides style=\"overflow: hidden; position: absolute;\">\n\t\t\t\t\t\t<rs-slide style=\"position: absolute;\" data-key=\"rs-3\" data-title=\"Slide\" data-anim=\"ms:1000;r:0;\" data-in=\"o:0;\" data-out=\"a:false;\">\n\t\t\t\t\t\t\t<img decoding=\"async\" src=\"\/\/gsweb.services\/wp-content\/plugins\/revslider\/sr6\/assets\/assets\/dummy.png\" alt=\"\" title=\"Vector smart object (1)\" width=\"1690\" height=\"623\" class=\"rev-slidebg tp-rs-img rs-lazyload\" data-lazyload=\"\/\/gsweb.services\/wp-content\/uploads\/2024\/03\/Vektor-Smartobjekt-1-3.png\" data-no-retina>\n<!--\n\t\t\t\t\t\t\t--><rs-layer\n\t\t\t\t\t\t\t\tid=\"slider-3-slide-3-layer-0\" \n\t\t\t\t\t\t\t\tclass=\"slider_cat_name\"\n\t\t\t\t\t\t\t\tdata-type=\"text\"\n\t\t\t\t\t\t\t\tdata-color=\"#0055ff\"\n\t\t\t\t\t\t\t\tdata-rsp_ch=\"on\"\n\t\t\t\t\t\t\t\tdata-xy=\"xo:0,0,0,30px;yo:90px,78px,57px,53px;\"\n\t\t\t\t\t\t\t\tdata-text=\"w:normal;s:20,17,12,7;l:15,13,9,6;\"\n\t\t\t\t\t\t\t\tdata-padding=\"t:10,9,7,4;r:25,22,16,10;b:10,9,7,4;l:25,22,16,10;\"\n\t\t\t\t\t\t\t\tdata-border=\"bor:20px,20px,20px,20px;\"\n\t\t\t\t\t\t\t\tdata-frame_999=\"o:0;st:w;\"\n\t\t\t\t\t\t\t\tstyle=\"z-index:5;background-color:#e6eeff;font-family:'Roboto';text-transform:uppercase;\"\n\t\t\t\t\t\t\t>Hosting \/ Storage \n\t\t\t\t\t\t\t<\/rs-layer><!--\n\n\t\t\t\t\t\t\t--><rs-layer\n\t\t\t\t\t\t\t\tid=\"slider-3-slide-3-layer-1\" \n\t\t\t\t\t\t\t\tclass=\"slider_heading_text\"\n\t\t\t\t\t\t\t\tdata-type=\"text\"\n\t\t\t\t\t\t\t\tdata-color=\"#00194b\"\n\t\t\t\t\t\t\t\tdata-rsp_ch=\"on\"\n\t\t\t\t\t\t\t\tdata-xy=\"xo:0,0,19px,30px;yo:157px,136px,129px,99px;\"\n\t\t\t\t\t\t\t\tdata-text=\"w:normal;s:66,57,42,26;l:66,57,42,26;fw:700;\"\n\t\t\t\t\t\t\t\tdata-frame_999=\"o:0;st:w;\"\n\t\t\t\t\t\t\t\tstyle=\"z-index:6;font-family:'Roboto';\"\n\t\t\t\t\t\t\t>Save, share <br \/>\nprotect \n\t\t\t\t\t\t\t<\/rs-layer><!--\n\n\t\t\t\t\t\t\t--><rs-layer\n\t\t\t\t\t\t\t\tid=\"slider-3-slide-3-layer-2\" \n\t\t\t\t\t\t\t\tclass=\"slider_textarea\"\n\t\t\t\t\t\t\t\tdata-type=\"text\"\n\t\t\t\t\t\t\t\tdata-color=\"#56698f\"\n\t\t\t\t\t\t\t\tdata-rsp_ch=\"on\"\n\t\t\t\t\t\t\t\tdata-xy=\"xo:0,0,19px,30px;yo:303px,262px,283px,179px;\"\n\t\t\t\t\t\t\t\tdata-text=\"w:normal;s:20,17,12,12;l:25,21,15,16;\"\n\t\t\t\t\t\t\t\tdata-dim=\"w:auto,auto,auto,306px;\"\n\t\t\t\t\t\t\t\tdata-frame_0=\"x:0,0,0,0px;y:0,0,0,0px;\"\n\t\t\t\t\t\t\t\tdata-frame_1=\"x:0,0,0,0px;y:0,0,0,0px;\"\n\t\t\t\t\t\t\t\tdata-frame_999=\"o:0;st:w;\"\n\t\t\t\t\t\t\t\tstyle=\"z-index:7;font-family:'Roboto';\"\n\t\t\t\t\t\t\t>Take advantage of our expertise in hosting and <br \/>\nStorage. In particular, we have specialized in online stores with <br \/>\nspecialized in large data volumes. \n\t\t\t\t\t\t\t<\/rs-layer><!--\n\n\t\t\t\t\t\t\t--><rs-layer\n\t\t\t\t\t\t\t\tid=\"slider-3-slide-3-layer-5\" \n\t\t\t\t\t\t\t\tdata-type=\"image\"\n\t\t\t\t\t\t\t\tdata-rsp_ch=\"on\"\n\t\t\t\t\t\t\t\tdata-xy=\"x:r;xo:-72px,-62px,-46px,-29px;y:m;yo:-84px,-72px,-53px,-33px;\"\n\t\t\t\t\t\t\t\tdata-text=\"w:normal;s:20,17,12,7;l:0,21,15,9;\"\n\t\t\t\t\t\t\t\tdata-dim=\"w:430px,373px,276px,174px;h:299px,259px,192px,121px;\"\n\t\t\t\t\t\t\t\tdata-frame_999=\"o:0;st:w;\"\n\t\t\t\t\t\t\t\tstyle=\"z-index:9;\"\n\t\t\t\t\t\t\t><img decoding=\"async\" src=\"\/\/gsweb.services\/wp-content\/plugins\/revslider\/sr6\/assets\/assets\/dummy.png\" alt=\"\" class=\"tp-rs-img rs-lazyload\" width=\"430\" height=\"299\" data-lazyload=\"\/\/gsweb.services\/wp-content\/uploads\/2024\/03\/Vektor-Smartobjekt-6-1.png\" data-no-retina> \n\t\t\t\t\t\t\t<\/rs-layer><!--\n-->\t\t\t\t\t<\/rs-slide>\n\t\t\t\t\t<\/rs-slides>\n\t\t\t\t<\/rs-module>\n\t\t\t\t<script>\n\t\t\t\t\tsetREVStartSize({c: 'rev_slider_3_1',rl:[1240,1024,778,480],el:[625,768,500,400],gw:[1180,1024,760,480],gh:[625,700,500,400],type:'standard',justify:'',layout:'fullwidth',mh:\"0\"});if (window.RS_MODULES!==undefined && window.RS_MODULES.modules!==undefined && window.RS_MODULES.modules[\"revslider31\"]!==undefined) {window.RS_MODULES.modules[\"revslider31\"].once = false;window.revapi3 = undefined;if (window.RS_MODULES.checkMinimal!==undefined) window.RS_MODULES.checkMinimal()}\n\t\t\t\t<\/script>\n\t\t\t<\/rs-module-wrap>\n\t\t\t<!-- END REVOLUTION SLIDER -->\n<\/div><\/div><\/div><\/div><div id=\"home\" class=\"vc_row wpb_row vc_row-fluid section_1\"><div class=\"wpb_column vc_column_container vc_col-sm-12\"><div class=\"vc_column-inner\"><div class=\"wpb_wrapper\"><div class=\"vc_row wpb_row vc_inner vc_row-fluid innersection\"><div class=\"wpb_column vc_column_container vc_col-sm-4\"><div class=\"vc_column-inner\"><div class=\"wpb_wrapper\">\n\t<div class=\"wpb_text_column wpb_content_element text_area\" >\n\t\t<div class=\"wpb_wrapper\">\n\t\t\t<p><img loading=\"lazy\" decoding=\"async\" class=\"alignnone wp-image-372 size-medium\" src=\"https:\/\/gsweb.services\/wp-content\/uploads\/2024\/04\/ic1-226x300.png\" alt=\"\" width=\"226\" height=\"300\" srcset=\"https:\/\/gsweb.services\/wp-content\/uploads\/2024\/04\/ic1-226x300.png 226w, https:\/\/gsweb.services\/wp-content\/uploads\/2024\/04\/ic1-9x12.png 9w, https:\/\/gsweb.services\/wp-content\/uploads\/2024\/04\/ic1.png 300w\" sizes=\"auto, (max-width: 226px) 100vw, 226px\" \/><\/p>\n<div><strong>Safe<\/strong><br \/>\nSafety has top priority<br \/>\nPriority for all our<br \/>\nServices.<\/div>\n\n\t\t<\/div>\n\t<\/div>\n<\/div><\/div><\/div><div class=\"wpb_column vc_column_container vc_col-sm-4\"><div class=\"vc_column-inner\"><div class=\"wpb_wrapper\">\n\t<div class=\"wpb_text_column wpb_content_element text_area\" >\n\t\t<div class=\"wpb_wrapper\">\n\t\t\t<p><img loading=\"lazy\" decoding=\"async\" class=\"alignnone wp-image-396 size-full\" src=\"https:\/\/gsweb.services\/wp-content\/uploads\/2024\/04\/ic12.png\" alt=\"\" width=\"300\" height=\"217\" srcset=\"https:\/\/gsweb.services\/wp-content\/uploads\/2024\/04\/ic12.png 300w, https:\/\/gsweb.services\/wp-content\/uploads\/2024\/04\/ic12-18x12.png 18w\" sizes=\"auto, (max-width: 300px) 100vw, 300px\" \/><\/p>\n<div><strong>Scalable<\/strong><br \/>\nScalable solutions,<br \/>\nwith your company<br \/>\ncan grow.<\/div>\n\n\t\t<\/div>\n\t<\/div>\n<\/div><\/div><\/div><div class=\"wpb_column vc_column_container vc_col-sm-4\"><div class=\"vc_column-inner\"><div class=\"wpb_wrapper\">\n\t<div class=\"wpb_text_column wpb_content_element text_area\" >\n\t\t<div class=\"wpb_wrapper\">\n\t\t\t<p><img loading=\"lazy\" decoding=\"async\" class=\"alignnone wp-image-402 size-medium\" src=\"https:\/\/gsweb.services\/wp-content\/uploads\/2024\/04\/ic13-1-300x275.png\" alt=\"\" width=\"300\" height=\"275\" srcset=\"https:\/\/gsweb.services\/wp-content\/uploads\/2024\/04\/ic13-1-300x275.png 300w, https:\/\/gsweb.services\/wp-content\/uploads\/2024\/04\/ic13-1-13x12.png 13w, https:\/\/gsweb.services\/wp-content\/uploads\/2024\/04\/ic13-1.png 400w\" sizes=\"auto, (max-width: 300px) 100vw, 300px\" \/><\/p>\n<div><strong>Maximum power<\/strong><br \/>\nMaximum power<br \/>\nfor your business<br \/>\nRequirements \/div&gt;<\/p>\n\n\t\t<\/div>\n\t<\/div>\n<\/div><\/div><\/div><\/div><\/div><\/div><\/div><\/div><div id=\"home\" data-vc-full-width=\"true\" data-vc-full-width-init=\"false\" class=\"vc_row wpb_row vc_row-fluid section_2 Hosting-Storage vc_custom_1711187550137 vc_row-has-fill\"><div class=\"wpb_column vc_column_container vc_col-sm-12\"><div class=\"vc_column-inner\"><div class=\"wpb_wrapper\"><h2 style=\"text-align: left;font-family:Abril Fatface;font-weight:400;font-style:normal\" class=\"vc_custom_heading vc_do_custom_heading heading_text_1\" >Our services for digital sovereignty<\/h2><div class=\"vc_row wpb_row vc_inner vc_row-fluid box vc_column-gap-15 vc_row-o-equal-height vc_row-flex\"><div class=\"wpb_column vc_column_container vc_col-sm-4 vc_col-has-fill\"><div class=\"vc_column-inner vc_custom_1711185955816\"><div class=\"wpb_wrapper\">\n\t<div  class=\"wpb_single_image wpb_content_element vc_align_left wpb_content_element  r-icon\">\n\t\t\n\t\t<figure class=\"wpb_wrapper vc_figure\">\n\t\t\t<div class=\"vc_single_image-wrapper   vc_box_border_grey\"><img loading=\"lazy\" decoding=\"async\" width=\"400\" height=\"406\" src=\"https:\/\/gsweb.services\/wp-content\/uploads\/2024\/04\/ic14.png\" class=\"vc_single_image-img attachment-full\" alt=\"Hosting \/ Storage\" title=\"Hosting \/ Storage\" srcset=\"https:\/\/gsweb.services\/wp-content\/uploads\/2024\/04\/ic14.png 400w, https:\/\/gsweb.services\/wp-content\/uploads\/2024\/04\/ic14-12x12.png 12w, https:\/\/gsweb.services\/wp-content\/uploads\/2024\/04\/ic14-296x300.png 296w\" sizes=\"auto, (max-width: 400px) 100vw, 400px\" \/><\/div>\n\t\t<\/figure>\n\t<\/div>\n<h3 style=\"text-align: left;font-family:Abril Fatface;font-weight:400;font-style:normal\" class=\"vc_custom_heading vc_do_custom_heading heading_text_2\" >Storage<\/h3>\n\t<div class=\"wpb_text_column wpb_content_element\" >\n\t\t<div class=\"wpb_wrapper\">\n\t\t\t<p>Our storage solutions offer sync share for efficient data sharing and backup share for reliable data backup. Maximum efficiency and security are guaranteed.<\/p>\n\n\t\t<\/div>\n\t<\/div>\n<div class=\"vc_btn3-container  button_1 vc_btn3-center vc_do_btn\" ><a class=\"vc_general vc_btn3 vc_btn3-size-md vc_btn3-shape-square vc_btn3-style-modern vc_btn3-color-grey\" href=\"http:\/\/gsweb.services\/en\/contact\/\" title=\"Contact us\">request<\/a><\/div><\/div><\/div><\/div><div class=\"wpb_column vc_column_container vc_col-sm-4 vc_col-has-fill\"><div class=\"vc_column-inner vc_custom_1711185830850\"><div class=\"wpb_wrapper\">\n\t<div  class=\"wpb_single_image wpb_content_element vc_align_left wpb_content_element  r-icon\">\n\t\t\n\t\t<figure class=\"wpb_wrapper vc_figure\">\n\t\t\t<div class=\"vc_single_image-wrapper   vc_box_border_grey\"><img loading=\"lazy\" decoding=\"async\" width=\"400\" height=\"425\" src=\"https:\/\/gsweb.services\/wp-content\/uploads\/2024\/04\/ic15.png\" class=\"vc_single_image-img attachment-full\" alt=\"Hosting \/ Storage\" title=\"Hosting \/ Storage\" srcset=\"https:\/\/gsweb.services\/wp-content\/uploads\/2024\/04\/ic15.png 400w, https:\/\/gsweb.services\/wp-content\/uploads\/2024\/04\/ic15-11x12.png 11w, https:\/\/gsweb.services\/wp-content\/uploads\/2024\/04\/ic15-282x300.png 282w\" sizes=\"auto, (max-width: 400px) 100vw, 400px\" \/><\/div>\n\t\t<\/figure>\n\t<\/div>\n<h3 style=\"text-align: left;font-family:Abril Fatface;font-weight:400;font-style:normal\" class=\"vc_custom_heading vc_do_custom_heading heading_text_2\" >Shopware Hosting<\/h3>\n\t<div class=\"wpb_text_column wpb_content_element\" >\n\t\t<div class=\"wpb_wrapper\">\n\t\t\t<p>We offer Shopware hosting with dedicated and clustered options. Exclusive resources, full control and scalable infrastructures ensure optimal performance.<\/p>\n\n\t\t<\/div>\n\t<\/div>\n<div class=\"vc_btn3-container  button_1 vc_btn3-center vc_do_btn\" ><a class=\"vc_general vc_btn3 vc_btn3-size-md vc_btn3-shape-square vc_btn3-style-modern vc_btn3-color-grey\" href=\"http:\/\/gsweb.services\/en\/contact\/\" title=\"Contact us\">request<\/a><\/div><\/div><\/div><\/div><div class=\"wpb_column vc_column_container vc_col-sm-4 vc_col-has-fill\"><div class=\"vc_column-inner vc_custom_1711185839889\"><div class=\"wpb_wrapper\">\n\t<div  class=\"wpb_single_image wpb_content_element vc_align_left wpb_content_element  r-icon\">\n\t\t\n\t\t<figure class=\"wpb_wrapper vc_figure\">\n\t\t\t<div class=\"vc_single_image-wrapper   vc_box_border_grey\"><img loading=\"lazy\" decoding=\"async\" width=\"400\" height=\"381\" src=\"https:\/\/gsweb.services\/wp-content\/uploads\/2024\/04\/ic16.png\" class=\"vc_single_image-img attachment-full\" alt=\"Hosting \/ Storage\" title=\"Hosting \/ Storage\" srcset=\"https:\/\/gsweb.services\/wp-content\/uploads\/2024\/04\/ic16.png 400w, https:\/\/gsweb.services\/wp-content\/uploads\/2024\/04\/ic16-13x12.png 13w, https:\/\/gsweb.services\/wp-content\/uploads\/2024\/04\/ic16-300x286.png 300w\" sizes=\"auto, (max-width: 400px) 100vw, 400px\" \/><\/div>\n\t\t<\/figure>\n\t<\/div>\n<h3 style=\"text-align: left;font-family:Abril Fatface;font-weight:400;font-style:normal\" class=\"vc_custom_heading vc_do_custom_heading heading_text_2\" >Microsoft Hosting<\/h3>\n\t<div class=\"wpb_text_column wpb_content_element\" >\n\t\t<div class=\"wpb_wrapper\">\n\t\t\t<p>Our services include Microsoft hosting with hosted Exchange and terminal services. Maximum performance, security and flexibility for an efficient and reliable working environment.<\/p>\n\n\t\t<\/div>\n\t<\/div>\n<div class=\"vc_btn3-container  button_1 vc_btn3-center vc_do_btn\" ><a class=\"vc_general vc_btn3 vc_btn3-size-md vc_btn3-shape-square vc_btn3-style-modern vc_btn3-color-grey\" href=\"http:\/\/gsweb.services\/en\/contact\/\" title=\"Contact us\">request<\/a><\/div><\/div><\/div><\/div><\/div><\/div><\/div><\/div><\/div><div class=\"vc_row-full-width vc_clearfix\"><\/div><div id=\"home\" data-vc-full-width=\"true\" data-vc-full-width-init=\"false\" class=\"vc_row wpb_row vc_row-fluid section_3 leistungen vc_custom_1717494666507 vc_row-has-fill\"><div class=\"wpb_column vc_column_container vc_col-sm-12\"><div class=\"vc_column-inner\"><div class=\"wpb_wrapper\"><h2 style=\"text-align: left;font-family:Abril Fatface;font-weight:400;font-style:normal\" class=\"vc_custom_heading vc_do_custom_heading heading_text_1\" >Dedicated, clustered,<br \/>\ncustomized: Hosting \/ Storage,<br \/>\nthat adapts to your needs<br \/>\ncustomizes.<\/h2><\/div><\/div><\/div><\/div><div class=\"vc_row-full-width vc_clearfix\"><\/div><div id=\"Leistungen\" data-vc-full-width=\"true\" data-vc-full-width-init=\"false\" class=\"vc_row wpb_row vc_row-fluid last_section vc_custom_1710509134023 vc_row-has-fill\"><div class=\"wpb_column vc_column_container vc_col-sm-6\"><div class=\"vc_column-inner\"><div class=\"wpb_wrapper\">\n\t<div  class=\"wpb_single_image wpb_content_element vc_align_center wpb_content_element\">\n\t\t\n\t\t<figure class=\"wpb_wrapper vc_figure\">\n\t\t\t<div class=\"vc_single_image-wrapper   vc_box_border_grey\"><img loading=\"lazy\" decoding=\"async\" width=\"294\" height=\"300\" src=\"https:\/\/gsweb.services\/wp-content\/uploads\/2024\/04\/ic17-294x300.png\" class=\"vc_single_image-img attachment-medium\" alt=\"Hosting \/ Storage\" title=\"Hosting \/ Storage\" srcset=\"https:\/\/gsweb.services\/wp-content\/uploads\/2024\/04\/ic17-294x300.png 294w, https:\/\/gsweb.services\/wp-content\/uploads\/2024\/04\/ic17-12x12.png 12w, https:\/\/gsweb.services\/wp-content\/uploads\/2024\/04\/ic17.png 600w\" sizes=\"auto, (max-width: 294px) 100vw, 294px\" \/><\/div>\n\t\t<\/figure>\n\t<\/div>\n<\/div><\/div><\/div><div class=\"wpb_column vc_column_container vc_col-sm-6\"><div class=\"vc_column-inner\"><div class=\"wpb_wrapper\"><h3 style=\"text-align: left;font-family:Abril Fatface;font-weight:400;font-style:normal\" class=\"vc_custom_heading vc_do_custom_heading heading_text_2\" >Data management: effortless and effective<\/h3>\n\t<div class=\"wpb_text_column wpb_content_element text_area\" >\n\t\t<div class=\"wpb_wrapper\">\n\t\t\t<p>Our data management offering allows you to manage your data effortlessly and effectively with our hosting and storage solutions. We offer reliable services to help you organize and store your data securely and efficiently. Let us know right away <a href=\"https:\/\/gsweb.services\/en\/contact\/\" target=\"_blank\" rel=\"noopener\">personally<\/a> talk about your project.<\/p>\n\n\t\t<\/div>\n\t<\/div>\n<div class=\"vc_tta-container\" data-vc-action=\"collapse\"><div class=\"vc_general vc_tta vc_tta-accordion vc_tta-color-white vc_tta-style-classic vc_tta-shape-rounded vc_tta-o-shape-group vc_tta-gap-5 vc_tta-controls-align-default vc_tta-o-no-fill\"><div class=\"vc_tta-panels-container\"><div class=\"vc_tta-panels\"><div class=\"vc_tta-panel vc_active\" id=\"1710506063420-7563952f-cbe6\" data-vc-content=\".vc_tta-panel-body\"><div class=\"vc_tta-panel-heading\"><h4 class=\"vc_tta-panel-title\"><a href=\"#1710506063420-7563952f-cbe6\" data-vc-accordion data-vc-container=\".vc_tta-container\"><span class=\"vc_tta-title-text\">Tailor-made<\/span><\/a><\/h4><\/div><div class=\"vc_tta-panel-body\">\n\t<div class=\"wpb_text_column wpb_content_element text_area\" >\n\t\t<div class=\"wpb_wrapper\">\n\t\t\t<p>Our hosting service offers dedicated, clustered and customized solutions that flexibly adapt to the individual needs of our customers. We ensure that your hosting meets your exact requirements and functions optimally.<\/p>\n\n\t\t<\/div>\n\t<\/div>\n<\/div><\/div><\/div><\/div><\/div><\/div><div class=\"vc_btn3-container  button_2 vc_btn3-inline vc_do_btn\" ><a class=\"vc_general vc_btn3 vc_btn3-size-md vc_btn3-shape-rounded vc_btn3-style-modern vc_btn3-color-grey\" href=\"http:\/\/gsweb.services\/en\/contact\/\" title=\"Contact us\">request now<\/a><\/div><\/div><\/div><\/div><\/div><div class=\"vc_row-full-width vc_clearfix\"><\/div><\/div>\n<\/div>","protected":false},"excerpt":{"rendered":"Hosting \/ Storage Save, share and protect Take advantage of our expertise in hosting and storage. In particular, we specialize in online stores with large data volumes. Secure Security is the top priority for all our services. Scalable Scalable solutions that can grow with your business. maximum performance Maximum performance for your business requirements.\/div&gt; Our services for digital ... <br\/><a class=\"read-more\" href=\"https:\/\/gsweb.services\/en\/services\/hosting-storage\/\">Read More<\/a>","protected":false},"author":2,"featured_media":0,"parent":13,"menu_order":0,"comment_status":"closed","ping_status":"closed","template":"","meta":{"_metasync_otto_title":"GS Webservices: Hosting & Storage L\u00f6sungen f\u00fcr Online-Shops","_metasync_otto_description":"GS Webservices: Hosting & Storage f\u00fcr Online-Shops. Maximale Leistung, Sicherheit und Skalierbarkeit f\u00fcr Ihr Business. Jetzt anfragen!","_metasync_otto_keywords":"Hosting, Speicherl\u00f6sungen, Webhosting, Onlineshop Hosting, sichere Hostingdienste, skalierbare L\u00f6sungen, Shopware Hosting, Microsoft Hosting, leistungsstarkes Hosting, Datenmanagement","_metasync_otto_og_title":"Sichere Hosting- & Speicherl\u00f6sungen von GS Webservices","_metasync_otto_og_description":"Sicher, skalierbar: Hosting & Storage f\u00fcr Onlineshops","_metasync_otto_twitter_title":"Sichere Hosting & Speicherl\u00f6sungen | GS Webservices #Hosting","_metasync_otto_twitter_description":"Sicheres, skalierbares Hosting f\u00fcr Onlineshops - profitieren Sie von unserer Expertise im Bereich Storage! #HostingL\u00f6sungen","rank_math_title":"GS Webservices: Hosting & Storage L\u00f6sungen f\u00fcr Online-Shops","rank_math_description":"GS Webservices: Hosting & Storage f\u00fcr Online-Shops. Maximale Leistung, Sicherheit und Skalierbarkeit f\u00fcr Ihr Business. Jetzt anfragen!","_yoast_wpseo_title":"","_yoast_wpseo_metadesc":"Nutzen Sie unsere Expertise im Bereich Hosting \/ Storage. F\u00fcr Onlineshops mit gro\u00dfem Datenvolumen: sicher, skalierbar, maximale Leistung","_aioseo_title":"","_aioseo_description":"","footnotes":""},"class_list":["post-94","page","type-page","status-publish","hentry"],"_links":{"self":[{"href":"https:\/\/gsweb.services\/en\/wp-json\/wp\/v2\/pages\/94","targetHints":{"allow":["GET"]}}],"collection":[{"href":"https:\/\/gsweb.services\/en\/wp-json\/wp\/v2\/pages"}],"about":[{"href":"https:\/\/gsweb.services\/en\/wp-json\/wp\/v2\/types\/page"}],"author":[{"embeddable":true,"href":"https:\/\/gsweb.services\/en\/wp-json\/wp\/v2\/users\/2"}],"replies":[{"embeddable":true,"href":"https:\/\/gsweb.services\/en\/wp-json\/wp\/v2\/comments?post=94"}],"version-history":[{"count":1,"href":"https:\/\/gsweb.services\/en\/wp-json\/wp\/v2\/pages\/94\/revisions"}],"predecessor-version":[{"id":624,"href":"https:\/\/gsweb.services\/en\/wp-json\/wp\/v2\/pages\/94\/revisions\/624"}],"up":[{"embeddable":true,"href":"https:\/\/gsweb.services\/en\/wp-json\/wp\/v2\/pages\/13"}],"wp:attachment":[{"href":"https:\/\/gsweb.services\/en\/wp-json\/wp\/v2\/media?parent=94"}],"curies":[{"name":"wp","href":"https:\/\/api.w.org\/{rel}","templated":true}]}}