{"id":96,"date":"2024-03-15T13:04:50","date_gmt":"2024-03-15T12:04:50","guid":{"rendered":"https:\/\/gs.artviper.de\/?page_id=96"},"modified":"2024-12-11T15:04:23","modified_gmt":"2024-12-11T14:04:23","slug":"development","status":"publish","type":"page","link":"https:\/\/gsweb.services\/en\/services\/development\/","title":{"rendered":"Development"},"content":{"rendered":"<div class=\"wpb-content-wrapper\"><div class=\"vc_row wpb_row vc_row-fluid\"><div class=\"wpb_column vc_column_container vc_col-sm-12\"><div class=\"vc_column-inner\"><div class=\"wpb_wrapper\">\n\t\t\t<!-- START entwicklung REVOLUTION SLIDER 6.7.38 --><p class=\"rs-p-wp-fix\"><\/p>\n\t\t\t<rs-module-wrap id=\"rev_slider_7_1_wrapper\" data-source=\"gallery\" style=\"visibility:hidden;background:transparent;padding:0;margin:0px auto;margin-top:0;margin-bottom:0;\">\n\t\t\t\t<rs-module id=\"rev_slider_7_1\" style=\"\" data-version=\"6.7.38\">\n\t\t\t\t\t<rs-slides style=\"overflow: hidden; position: absolute;\">\n\t\t\t\t\t\t<rs-slide style=\"position: absolute;\" data-key=\"rs-7\" data-title=\"Slide\" data-anim=\"ms:1000;r:0;\" data-in=\"o:0;\" data-out=\"a:false;\">\n\t\t\t\t\t\t\t<img decoding=\"async\" src=\"\/\/gsweb.services\/wp-content\/plugins\/revslider\/sr6\/assets\/assets\/dummy.png\" alt=\"\" title=\"Vector smart object (1)\" width=\"1690\" height=\"623\" class=\"rev-slidebg tp-rs-img rs-lazyload\" data-lazyload=\"\/\/gsweb.services\/wp-content\/uploads\/2024\/03\/Vektor-Smartobjekt-1-3.png\" data-no-retina>\n<!--\n\t\t\t\t\t\t\t--><rs-layer\n\t\t\t\t\t\t\t\tid=\"slider-7-slide-7-layer-0\" \n\t\t\t\t\t\t\t\tclass=\"slider_cat_name\"\n\t\t\t\t\t\t\t\tdata-type=\"text\"\n\t\t\t\t\t\t\t\tdata-color=\"#0055ff\"\n\t\t\t\t\t\t\t\tdata-rsp_ch=\"on\"\n\t\t\t\t\t\t\t\tdata-xy=\"xo:0,0,0,30px;yo:90px,78px,57px,53px;\"\n\t\t\t\t\t\t\t\tdata-text=\"w:normal;s:20,17,12,7;l:15,13,9,6;\"\n\t\t\t\t\t\t\t\tdata-padding=\"t:10,9,7,4;r:25,22,16,10;b:10,9,7,4;l:25,22,16,10;\"\n\t\t\t\t\t\t\t\tdata-border=\"bor:20px,20px,20px,20px;\"\n\t\t\t\t\t\t\t\tdata-frame_999=\"o:0;st:w;\"\n\t\t\t\t\t\t\t\tstyle=\"z-index:5;background-color:#e6eeff;font-family:'Roboto';text-transform:uppercase;\"\n\t\t\t\t\t\t\t>development \n\t\t\t\t\t\t\t<\/rs-layer><!--\n\n\t\t\t\t\t\t\t--><rs-layer\n\t\t\t\t\t\t\t\tid=\"slider-7-slide-7-layer-1\" \n\t\t\t\t\t\t\t\tclass=\"slider_heading_text\"\n\t\t\t\t\t\t\t\tdata-type=\"text\"\n\t\t\t\t\t\t\t\tdata-color=\"#00194b\"\n\t\t\t\t\t\t\t\tdata-rsp_ch=\"on\"\n\t\t\t\t\t\t\t\tdata-xy=\"xo:0,0,19px,30px;yo:157px,136px,129px,99px;\"\n\t\t\t\t\t\t\t\tdata-text=\"w:normal;s:66,57,42,26;l:66,57,42,26;fw:700;\"\n\t\t\t\t\t\t\t\tdata-frame_999=\"o:0;st:w;\"\n\t\t\t\t\t\t\t\tstyle=\"z-index:6;font-family:'Roboto';\"\n\t\t\t\t\t\t\t>Efficiency meets <br \/>\nInnovation \n\t\t\t\t\t\t\t<\/rs-layer><!--\n\n\t\t\t\t\t\t\t--><rs-layer\n\t\t\t\t\t\t\t\tid=\"slider-7-slide-7-layer-2\" \n\t\t\t\t\t\t\t\tclass=\"slider_textarea\"\n\t\t\t\t\t\t\t\tdata-type=\"text\"\n\t\t\t\t\t\t\t\tdata-color=\"#56698f\"\n\t\t\t\t\t\t\t\tdata-rsp_ch=\"on\"\n\t\t\t\t\t\t\t\tdata-xy=\"xo:0,0,19px,30px;yo:303px,262px,283px,179px;\"\n\t\t\t\t\t\t\t\tdata-text=\"w:normal;s:20,17,12,12;l:25,21,15,16;\"\n\t\t\t\t\t\t\t\tdata-dim=\"w:470px,407px,302px,306px;\"\n\t\t\t\t\t\t\t\tdata-frame_0=\"x:0,0,0,0px;y:0,0,0,0px;\"\n\t\t\t\t\t\t\t\tdata-frame_1=\"x:0,0,0,0px;y:0,0,0,0px;\"\n\t\t\t\t\t\t\t\tdata-frame_999=\"o:0;st:w;\"\n\t\t\t\t\t\t\t\tstyle=\"z-index:7;font-family:'Roboto';\"\n\t\t\t\t\t\t\t>With sound expertise, we offer customized software development for business customers. \n\t\t\t\t\t\t\t<\/rs-layer><!--\n\n\t\t\t\t\t\t\t--><rs-layer\n\t\t\t\t\t\t\t\tid=\"slider-7-slide-7-layer-5\" \n\t\t\t\t\t\t\t\tdata-type=\"image\"\n\t\t\t\t\t\t\t\tdata-rsp_ch=\"on\"\n\t\t\t\t\t\t\t\tdata-xy=\"x:r;xo:2px,1px,0,0;y:m;yo:-60px,-52px,-38px,-24px;\"\n\t\t\t\t\t\t\t\tdata-text=\"w:normal;s:20,17,12,7;l:0,21,15,9;\"\n\t\t\t\t\t\t\t\tdata-dim=\"w:330px,286px,212px,133px;h:330px,286px,212px,133px;\"\n\t\t\t\t\t\t\t\tdata-frame_999=\"o:0;st:w;\"\n\t\t\t\t\t\t\t\tstyle=\"z-index:9;\"\n\t\t\t\t\t\t\t><img decoding=\"async\" src=\"\/\/gsweb.services\/wp-content\/plugins\/revslider\/sr6\/assets\/assets\/dummy.png\" alt=\"\" class=\"tp-rs-img rs-lazyload\" width=\"330\" height=\"330\" data-lazyload=\"\/\/gsweb.services\/wp-content\/uploads\/2024\/03\/Vektor-Smartobjekt-19.png\" data-no-retina> \n\t\t\t\t\t\t\t<\/rs-layer><!--\n-->\t\t\t\t\t<\/rs-slide>\n\t\t\t\t\t<\/rs-slides>\n\t\t\t\t<\/rs-module>\n\t\t\t\t<script>\n\t\t\t\t\tsetREVStartSize({c: 'rev_slider_7_1',rl:[1240,1024,778,480],el:[625,768,500,400],gw:[1180,1024,760,480],gh:[625,700,500,400],type:'standard',justify:'',layout:'fullwidth',mh:\"0\"});if (window.RS_MODULES!==undefined && window.RS_MODULES.modules!==undefined && window.RS_MODULES.modules[\"revslider71\"]!==undefined) {window.RS_MODULES.modules[\"revslider71\"].once = false;window.revapi7 = undefined;if (window.RS_MODULES.checkMinimal!==undefined) window.RS_MODULES.checkMinimal()}\n\t\t\t\t<\/script>\n\t\t\t<\/rs-module-wrap>\n\t\t\t<!-- END REVOLUTION SLIDER -->\n<\/div><\/div><\/div><\/div><div id=\"home\" class=\"vc_row wpb_row vc_row-fluid section_1\"><div class=\"wpb_column vc_column_container vc_col-sm-12\"><div class=\"vc_column-inner\"><div class=\"wpb_wrapper\"><div class=\"vc_row wpb_row vc_inner vc_row-fluid innersection\"><div class=\"wpb_column vc_column_container vc_col-sm-4\"><div class=\"vc_column-inner\"><div class=\"wpb_wrapper\">\n\t<div class=\"wpb_text_column wpb_content_element text_area\" >\n\t\t<div class=\"wpb_wrapper\">\n\t\t\t<p><img loading=\"lazy\" decoding=\"async\" class=\"alignnone wp-image-430 size-medium\" src=\"https:\/\/gsweb.services\/wp-content\/uploads\/2024\/04\/ic32-233x300.png\" alt=\"\" width=\"233\" height=\"300\" srcset=\"https:\/\/gsweb.services\/wp-content\/uploads\/2024\/04\/ic32-233x300.png 233w, https:\/\/gsweb.services\/wp-content\/uploads\/2024\/04\/ic32-9x12.png 9w, https:\/\/gsweb.services\/wp-content\/uploads\/2024\/04\/ic32.png 400w\" sizes=\"auto, (max-width: 233px) 100vw, 233px\" \/><\/p>\n<div><strong>Knowhow<\/strong><br \/>\nExperienced experts<br \/>\nare available for your<br \/>\nprojects ready.<\/div>\n\n\t\t<\/div>\n\t<\/div>\n<\/div><\/div><\/div><div class=\"wpb_column vc_column_container vc_col-sm-4\"><div class=\"vc_column-inner\"><div class=\"wpb_wrapper\">\n\t<div class=\"wpb_text_column wpb_content_element text_area\" >\n\t\t<div class=\"wpb_wrapper\">\n\t\t\t<p><img loading=\"lazy\" decoding=\"async\" class=\"alignnone wp-image-431 size-medium\" src=\"https:\/\/gsweb.services\/wp-content\/uploads\/2024\/04\/ic33-300x300.png\" alt=\"\" width=\"300\" height=\"300\" srcset=\"https:\/\/gsweb.services\/wp-content\/uploads\/2024\/04\/ic33-300x300.png 300w, https:\/\/gsweb.services\/wp-content\/uploads\/2024\/04\/ic33-12x12.png 12w, https:\/\/gsweb.services\/wp-content\/uploads\/2024\/04\/ic33-150x150.png 150w, https:\/\/gsweb.services\/wp-content\/uploads\/2024\/04\/ic33.png 400w\" sizes=\"auto, (max-width: 300px) 100vw, 300px\" \/><\/p>\n<div><strong>Technology<\/strong><br \/>\nWe use innovative<br \/>\nTools and techniques for<br \/>\nfirst-class solutions.<\/div>\n\n\t\t<\/div>\n\t<\/div>\n<\/div><\/div><\/div><div class=\"wpb_column vc_column_container vc_col-sm-4\"><div class=\"vc_column-inner\"><div class=\"wpb_wrapper\">\n\t<div class=\"wpb_text_column wpb_content_element text_area\" >\n\t\t<div class=\"wpb_wrapper\">\n\t\t\t<p><img loading=\"lazy\" decoding=\"async\" class=\"alignnone wp-image-432 size-medium\" src=\"https:\/\/gsweb.services\/wp-content\/uploads\/2024\/04\/ic34-300x263.png\" alt=\"\" width=\"300\" height=\"263\" srcset=\"https:\/\/gsweb.services\/wp-content\/uploads\/2024\/04\/ic34-300x263.png 300w, https:\/\/gsweb.services\/wp-content\/uploads\/2024\/04\/ic34-14x12.png 14w, https:\/\/gsweb.services\/wp-content\/uploads\/2024\/04\/ic34.png 400w\" sizes=\"auto, (max-width: 300px) 100vw, 300px\" \/><\/p>\n<div><strong>Tailor-made<\/strong><br \/>\nWe develop for your<br \/>\nspecific and individual<br \/>\nRequirements.<\/div>\n\n\t\t<\/div>\n\t<\/div>\n<\/div><\/div><\/div><\/div><\/div><\/div><\/div><\/div><div id=\"home\" data-vc-full-width=\"true\" data-vc-full-width-init=\"false\" class=\"vc_row wpb_row vc_row-fluid section_2 Hosting-Storage vc_custom_1711187550137 vc_row-has-fill\"><div class=\"wpb_column vc_column_container vc_col-sm-12\"><div class=\"vc_column-inner\"><div class=\"wpb_wrapper\"><h2 style=\"text-align: left;font-family:Abril Fatface;font-weight:400;font-style:normal\" class=\"vc_custom_heading vc_do_custom_heading heading_text_1\" >Comprehensive solutions for your progress<\/h2><div class=\"vc_row wpb_row vc_inner vc_row-fluid box vc_column-gap-20 vc_row-o-equal-height vc_row-flex\"><div class=\"wpb_column vc_column_container vc_col-sm-4 vc_col-has-fill\"><div class=\"vc_column-inner vc_custom_1711185955816\"><div class=\"wpb_wrapper\">\n\t<div  class=\"wpb_single_image wpb_content_element vc_align_left wpb_content_element  r-icon\">\n\t\t\n\t\t<figure class=\"wpb_wrapper vc_figure\">\n\t\t\t<div class=\"vc_single_image-wrapper   vc_box_border_grey\"><img loading=\"lazy\" decoding=\"async\" width=\"300\" height=\"279\" src=\"https:\/\/gsweb.services\/wp-content\/uploads\/2024\/04\/ic35-300x279.png\" class=\"vc_single_image-img attachment-medium\" alt=\"Development\" title=\"Development\" srcset=\"https:\/\/gsweb.services\/wp-content\/uploads\/2024\/04\/ic35-300x279.png 300w, https:\/\/gsweb.services\/wp-content\/uploads\/2024\/04\/ic35-13x12.png 13w, https:\/\/gsweb.services\/wp-content\/uploads\/2024\/04\/ic35.png 400w\" sizes=\"auto, (max-width: 300px) 100vw, 300px\" \/><\/div>\n\t\t<\/figure>\n\t<\/div>\n<h3 style=\"text-align: left;font-family:Abril Fatface;font-weight:400;font-style:normal\" class=\"vc_custom_heading vc_do_custom_heading heading_text_2\" >Automation<\/h3>\n\t<div class=\"wpb_text_column wpb_content_element\" >\n\t\t<div class=\"wpb_wrapper\">\n\t\t\t<p>With our expertise in automation, we offer innovative solutions to make processes more efficient and save time.<\/p>\n\n\t\t<\/div>\n\t<\/div>\n<div class=\"vc_btn3-container  button_1 vc_btn3-center vc_do_btn\" ><a class=\"vc_general vc_btn3 vc_btn3-size-md vc_btn3-shape-square vc_btn3-style-modern vc_btn3-color-grey\" href=\"http:\/\/gsweb.services\/en\/contact\/\" title=\"Contact us\">request<\/a><\/div><\/div><\/div><\/div><div class=\"wpb_column vc_column_container vc_col-sm-4 vc_col-has-fill\"><div class=\"vc_column-inner vc_custom_1711185830850\"><div class=\"wpb_wrapper\">\n\t<div  class=\"wpb_single_image wpb_content_element vc_align_left wpb_content_element  r-icon\">\n\t\t\n\t\t<figure class=\"wpb_wrapper vc_figure\">\n\t\t\t<div class=\"vc_single_image-wrapper   vc_box_border_grey\"><img loading=\"lazy\" decoding=\"async\" width=\"241\" height=\"300\" src=\"https:\/\/gsweb.services\/wp-content\/uploads\/2024\/04\/ic36-241x300.png\" class=\"vc_single_image-img attachment-medium\" alt=\"Shopware development\" title=\"Shopware development\" srcset=\"https:\/\/gsweb.services\/wp-content\/uploads\/2024\/04\/ic36-241x300.png 241w, https:\/\/gsweb.services\/wp-content\/uploads\/2024\/04\/ic36-10x12.png 10w, https:\/\/gsweb.services\/wp-content\/uploads\/2024\/04\/ic36.png 400w\" sizes=\"auto, (max-width: 241px) 100vw, 241px\" \/><\/div>\n\t\t<\/figure>\n\t<\/div>\n<h3 style=\"text-align: left;font-family:Abril Fatface;font-weight:400;font-style:normal\" class=\"vc_custom_heading vc_do_custom_heading heading_text_2\" >Software development<\/h3>\n\t<div class=\"wpb_text_column wpb_content_element\" >\n\t\t<div class=\"wpb_wrapper\">\n\t\t\t<p>Our software development experts create customized solutions that are tailored to the highest quality, efficiency and the individual needs of our customers.<\/p>\n\n\t\t<\/div>\n\t<\/div>\n<div class=\"vc_btn3-container  button_1 vc_btn3-center vc_do_btn\" ><a class=\"vc_general vc_btn3 vc_btn3-size-md vc_btn3-shape-square vc_btn3-style-modern vc_btn3-color-grey\" href=\"http:\/\/gsweb.services\/en\/contact\/\" title=\"Contact us\">request<\/a><\/div><\/div><\/div><\/div><div class=\"wpb_column vc_column_container vc_col-sm-4 vc_col-has-fill\"><div class=\"vc_column-inner vc_custom_1711185839889\"><div class=\"wpb_wrapper\">\n\t<div  class=\"wpb_single_image wpb_content_element vc_align_left wpb_content_element  r-icon\">\n\t\t\n\t\t<figure class=\"wpb_wrapper vc_figure\">\n\t\t\t<div class=\"vc_single_image-wrapper   vc_box_border_grey\"><img loading=\"lazy\" decoding=\"async\" width=\"300\" height=\"278\" src=\"https:\/\/gsweb.services\/wp-content\/uploads\/2024\/04\/ic37-300x278.png\" class=\"vc_single_image-img attachment-medium\" alt=\"Development of eCommerce\" title=\"Development of eCommerce\" srcset=\"https:\/\/gsweb.services\/wp-content\/uploads\/2024\/04\/ic37-300x278.png 300w, https:\/\/gsweb.services\/wp-content\/uploads\/2024\/04\/ic37-13x12.png 13w, https:\/\/gsweb.services\/wp-content\/uploads\/2024\/04\/ic37.png 400w\" sizes=\"auto, (max-width: 300px) 100vw, 300px\" \/><\/div>\n\t\t<\/figure>\n\t<\/div>\n<h3 style=\"text-align: left;font-family:Abril Fatface;font-weight:400;font-style:normal\" class=\"vc_custom_heading vc_do_custom_heading heading_text_2\" >eCommerce<\/h3>\n\t<div class=\"wpb_text_column wpb_content_element\" >\n\t\t<div class=\"wpb_wrapper\">\n\t\t\t<p>As eCommerce specialists, we offer comprehensive solutions ranging from platform development to user experience optimization to enable successful digital businesses.<\/p>\n\n\t\t<\/div>\n\t<\/div>\n<div class=\"vc_btn3-container  button_1 vc_btn3-center vc_do_btn\" ><a class=\"vc_general vc_btn3 vc_btn3-size-md vc_btn3-shape-square vc_btn3-style-modern vc_btn3-color-grey\" href=\"http:\/\/gsweb.services\/en\/contact\/\" title=\"Contact us\">request<\/a><\/div><\/div><\/div><\/div><\/div><\/div><\/div><\/div><\/div><div class=\"vc_row-full-width vc_clearfix\"><\/div><div id=\"home\" data-vc-full-width=\"true\" data-vc-full-width-init=\"false\" class=\"vc_row wpb_row vc_row-fluid section_3 leistungen vc_custom_1711613877067 vc_row-has-fill\"><div class=\"wpb_column vc_column_container vc_col-sm-12\"><div class=\"vc_column-inner\"><div class=\"wpb_wrapper\"><h2 style=\"text-align: left;font-family:Abril Fatface;font-weight:400;font-style:normal\" class=\"vc_custom_heading vc_do_custom_heading heading_text_1\" >Our specialists<br \/>\ndo digital business<br \/>\nsuccessful, safe and<br \/>\nfast.<\/h2><\/div><\/div><\/div><\/div><div class=\"vc_row-full-width vc_clearfix\"><\/div><div id=\"Leistungen\" data-vc-full-width=\"true\" data-vc-full-width-init=\"false\" class=\"vc_row wpb_row vc_row-fluid last_section vc_custom_1710509134023 vc_row-has-fill\"><div class=\"wpb_column vc_column_container vc_col-sm-6\"><div class=\"vc_column-inner\"><div class=\"wpb_wrapper\">\n\t<div  class=\"wpb_single_image wpb_content_element vc_align_center wpb_content_element\">\n\t\t\n\t\t<figure class=\"wpb_wrapper vc_figure\">\n\t\t\t<div class=\"vc_single_image-wrapper   vc_box_border_grey\"><img loading=\"lazy\" decoding=\"async\" width=\"300\" height=\"300\" src=\"https:\/\/gsweb.services\/wp-content\/uploads\/2024\/04\/ic38-300x300.png\" class=\"vc_single_image-img attachment-medium\" alt=\"Software development\" title=\"Software development\" srcset=\"https:\/\/gsweb.services\/wp-content\/uploads\/2024\/04\/ic38-300x300.png 300w, https:\/\/gsweb.services\/wp-content\/uploads\/2024\/04\/ic38-12x12.png 12w, https:\/\/gsweb.services\/wp-content\/uploads\/2024\/04\/ic38-150x150.png 150w, https:\/\/gsweb.services\/wp-content\/uploads\/2024\/04\/ic38.png 600w\" sizes=\"auto, (max-width: 300px) 100vw, 300px\" \/><\/div>\n\t\t<\/figure>\n\t<\/div>\n<\/div><\/div><\/div><div class=\"wpb_column vc_column_container vc_col-sm-6\"><div class=\"vc_column-inner\"><div class=\"wpb_wrapper\"><h3 style=\"text-align: left;font-family:Abril Fatface;font-weight:400;font-style:normal\" class=\"vc_custom_heading vc_do_custom_heading heading_text_2\" >Development for shopware<\/h3>\n\t<div class=\"wpb_text_column wpb_content_element text_area\" >\n\t\t<div class=\"wpb_wrapper\">\n\t\t\t<p>Our expertise extends to development for Shopware and other large store systems. We offer <a href=\"https:\/\/gsweb.services\/en\/contact\/\" target=\"_blank\" rel=\"noopener\">Customized solutions for companies<\/a> of any size to operate their e-commerce platforms efficiently and quickly and create customer-oriented online shopping experiences.<\/p>\n\n\t\t<\/div>\n\t<\/div>\n<div class=\"vc_tta-container\" data-vc-action=\"collapse\"><div class=\"vc_general vc_tta vc_tta-accordion vc_tta-color-white vc_tta-style-classic vc_tta-shape-rounded vc_tta-o-shape-group vc_tta-gap-5 vc_tta-controls-align-default vc_tta-o-no-fill\"><div class=\"vc_tta-panels-container\"><div class=\"vc_tta-panels\"><div class=\"vc_tta-panel vc_active\" id=\"1710506063420-3380afcc-e18d\" data-vc-content=\".vc_tta-panel-body\"><div class=\"vc_tta-panel-heading\"><h4 class=\"vc_tta-panel-title\"><a href=\"#1710506063420-3380afcc-e18d\" data-vc-accordion data-vc-container=\".vc_tta-container\"><span class=\"vc_tta-title-text\">Personal advice for your development<\/span><\/a><\/h4><\/div><div class=\"vc_tta-panel-body\">\n\t<div class=\"wpb_text_column wpb_content_element text_area\" >\n\t\t<div class=\"wpb_wrapper\">\n\t\t\t<p>Our developers will be happy to provide you with advice. With our expertise, we offer innovative solutions to make processes more efficient and save time. As eCommerce specialists, we offer comprehensive solutions ranging from platform development to user experience optimization to enable successful digital businesses.<\/p>\n\n\t\t<\/div>\n\t<\/div>\n<\/div><\/div><\/div><\/div><\/div><\/div><div class=\"vc_btn3-container  button_2 vc_btn3-inline vc_do_btn\" ><a class=\"vc_general vc_btn3 vc_btn3-size-md vc_btn3-shape-rounded vc_btn3-style-modern vc_btn3-color-grey\" href=\"http:\/\/gsweb.services\/en\/contact\/\" title=\"Contact us\">request now<\/a><\/div><\/div><\/div><\/div><\/div><div class=\"vc_row-full-width vc_clearfix\"><\/div>\n<\/div>","protected":false},"excerpt":{"rendered":"development Efficiency meets innovation We offer customized software development for business customers with in-depth expertise. Knowhow Experienced experts are available for your projects. Technology We use innovative tools and techniques for first-class solutions. Tailor-made We develop for your specific and individual requirements. Comprehensive solutions for your progress Automation With our expertise in automation, we offer innovative solutions that ... <br\/><a class=\"read-more\" href=\"https:\/\/gsweb.services\/en\/services\/development\/\">Read More<\/a>","protected":false},"author":2,"featured_media":0,"parent":13,"menu_order":0,"comment_status":"closed","ping_status":"closed","template":"","meta":{"_metasync_otto_title":"Software-Entwicklung: GS Webservices f\u00fcr Ihr Business","_metasync_otto_description":"Software-Entwicklung von GS Webservices: Wir entwickeln ma\u00dfgeschneiderte L\u00f6sungen f\u00fcr Ihr Business. Kontaktieren Sie uns jetzt!","_metasync_otto_keywords":"Softwareentwicklung, ma\u00dfgeschneiderte Softwarel\u00f6sungen, eCommerce Entwicklung, Automatisierungsl\u00f6sungen, innovative Technologien, effiziente Softwareentwicklung, Unternehmenssoftware, GS Webservices","_metasync_otto_og_title":"","_metasync_otto_og_description":"Softwareentwicklung f\u00fcr Gesch\u00e4ftskunden | GS Webservices","_metasync_otto_twitter_title":"","_metasync_otto_twitter_description":"Ma\u00dfgeschneiderte Software-L\u00f6sungen f\u00fcr Ihr Business! Innovative Technologien f\u00fcr Effizienz. #SoftwareEntwicklung","rank_math_title":"Software-Entwicklung: GS Webservices f\u00fcr Ihr Business","rank_math_description":"Software-Entwicklung von GS Webservices: Wir entwickeln ma\u00dfgeschneiderte L\u00f6sungen f\u00fcr Ihr Business. Kontaktieren Sie uns jetzt!","_yoast_wpseo_title":"","_yoast_wpseo_metadesc":"Entwicklung bei GS Webservices: Mit fundierter Expertise bieten wir ma\u00dfgeschneiderte Softwareentwicklung f\u00fcr Gesch\u00e4ftskunden.","_aioseo_title":"","_aioseo_description":"","footnotes":""},"class_list":["post-96","page","type-page","status-publish","hentry"],"_links":{"self":[{"href":"https:\/\/gsweb.services\/en\/wp-json\/wp\/v2\/pages\/96","targetHints":{"allow":["GET"]}}],"collection":[{"href":"https:\/\/gsweb.services\/en\/wp-json\/wp\/v2\/pages"}],"about":[{"href":"https:\/\/gsweb.services\/en\/wp-json\/wp\/v2\/types\/page"}],"author":[{"embeddable":true,"href":"https:\/\/gsweb.services\/en\/wp-json\/wp\/v2\/users\/2"}],"replies":[{"embeddable":true,"href":"https:\/\/gsweb.services\/en\/wp-json\/wp\/v2\/comments?post=96"}],"version-history":[{"count":1,"href":"https:\/\/gsweb.services\/en\/wp-json\/wp\/v2\/pages\/96\/revisions"}],"predecessor-version":[{"id":623,"href":"https:\/\/gsweb.services\/en\/wp-json\/wp\/v2\/pages\/96\/revisions\/623"}],"up":[{"embeddable":true,"href":"https:\/\/gsweb.services\/en\/wp-json\/wp\/v2\/pages\/13"}],"wp:attachment":[{"href":"https:\/\/gsweb.services\/en\/wp-json\/wp\/v2\/media?parent=96"}],"curies":[{"name":"wp","href":"https:\/\/api.w.org\/{rel}","templated":true}]}}